{"id":362,"date":"2020-04-28T14:56:27","date_gmt":"2020-04-28T12:56:27","guid":{"rendered":"https:\/\/bsdistribution.pl\/sklep\/?post_type=product&#038;p=362"},"modified":"2024-08-06T10:44:03","modified_gmt":"2024-08-06T08:44:03","slug":"love-bar-odzywka-w-kostce-odzywcza-argan-oilimbir-60-g","status":"publish","type":"product","link":"https:\/\/bsdistribution.pl\/sklep\/produkt\/love-bar-odzywka-w-kostce-odzywcza-argan-oilimbir-60-g\/","title":{"rendered":"Love Bar Od\u017cywka w kostce od\u017cywcza Argan Oil+Imbir 60 g\u00a0"},"content":{"rendered":"","protected":false},"excerpt":{"rendered":"<p>Dbanie o Nasz\u0105 planete sprawia, \u017ce jeste\u015bmy pi\u0119kniejszymi lud\u017ami. Dlatego LoveBar jest kostk\u0105 mi\u0142o\u015bci i troski. Kostka to nie myd\u0142o &#8211; to silnie skoncentrowany produkt. LoveBar = redukcja zu\u017cycia wody, 0% plastiku, , 0% skomplikowanej chemii, ale to 100% mi\u0142o\u015bci do Ziemi. Od\u017cywka w kostce LoveBar jest wysoce skoncentrowana, pe\u0142na naturalnych sk\u0142adnik\u00f3w i olejk\u00f3w eterycznych, doskonale wype\u0142nia mikouszkodzenia w\u0142os\u00f3w sprawiaj\u0105c, \u017ce \u0142atwo si\u0119 rozszesuj\u0105, pozostaj\u0105 mi\u0119kkie i jedwabiste w dotyku. Zawiera 100% certyfikowany Olejek Arganowy, kt\u00f3ry wspomaga od\u017cywianie i regeneracj\u0119 suchych, zniszczonych w\u0142os\u00f3w, 100% naturalny olejek imbirowy piel\u0119gnuje, od\u015bwie\u017ca i tonizuje sk\u00f3r\u0119 g\u0142owy. 100% Mase\u0142ko Kakaowe delikatnie wype\u0142nia mikrouszkodzania, sprawiaj\u0105c \u017ce w\u0142osy \u0142atwo si\u0119 rozczesuj\u0105. 100% olejek  z drzewa r\u00f3\u017canego dzia\u0142a aromaterapeutycznie sprawiaj\u0105c, \u017ce ka\u017cdego dnia stajesz si\u0119 pi\u0119kniejsz\u0105 wersj\u0105 siebie. Idealny dla w\u0142os\u00f3w suchych i zniszczonych.<\/p>\n","protected":false},"featured_media":381,"comment_status":"closed","ping_status":"closed","template":"","meta":{"_acf_changed":false,"_et_pb_use_builder":"on","_et_pb_old_content":"","_et_gb_content_width":"","inline_featured_image":false},"product_brand":[],"product_cat":[211,114,113,129],"product_tag":[],"class_list":{"0":"post-362","1":"product","2":"type-product","3":"status-publish","4":"has-post-thumbnail","6":"product_cat-e","7":"product_cat-kosmetyki-naturalne-2","8":"product_cat-love-bar-2","9":"product_cat-odzywki","11":"first","12":"outofstock","13":"purchasable","14":"product-type-simple"},"acf":[],"_links":{"self":[{"href":"https:\/\/bsdistribution.pl\/sklep\/wp-json\/wp\/v2\/product\/362","targetHints":{"allow":["GET"]}}],"collection":[{"href":"https:\/\/bsdistribution.pl\/sklep\/wp-json\/wp\/v2\/product"}],"about":[{"href":"https:\/\/bsdistribution.pl\/sklep\/wp-json\/wp\/v2\/types\/product"}],"replies":[{"embeddable":true,"href":"https:\/\/bsdistribution.pl\/sklep\/wp-json\/wp\/v2\/comments?post=362"}],"wp:featuredmedia":[{"embeddable":true,"href":"https:\/\/bsdistribution.pl\/sklep\/wp-json\/wp\/v2\/media\/381"}],"wp:attachment":[{"href":"https:\/\/bsdistribution.pl\/sklep\/wp-json\/wp\/v2\/media?parent=362"}],"wp:term":[{"taxonomy":"product_brand","embeddable":true,"href":"https:\/\/bsdistribution.pl\/sklep\/wp-json\/wp\/v2\/product_brand?post=362"},{"taxonomy":"product_cat","embeddable":true,"href":"https:\/\/bsdistribution.pl\/sklep\/wp-json\/wp\/v2\/product_cat?post=362"},{"taxonomy":"product_tag","embeddable":true,"href":"https:\/\/bsdistribution.pl\/sklep\/wp-json\/wp\/v2\/product_tag?post=362"}],"curies":[{"name":"wp","href":"https:\/\/api.w.org\/{rel}","templated":true}]}}