{"id":353,"date":"2020-04-28T14:56:27","date_gmt":"2020-04-28T12:56:27","guid":{"rendered":"https:\/\/bsdistribution.pl\/sklep\/?post_type=product&#038;p=353"},"modified":"2025-09-26T18:47:58","modified_gmt":"2025-09-26T16:47:58","slug":"love-bar-kostka-do-mycia-ciala-rokitnik-olej-z-mandarynek-60-g","status":"publish","type":"product","link":"https:\/\/bsdistribution.pl\/sklep\/produkt\/love-bar-kostka-do-mycia-ciala-rokitnik-olej-z-mandarynek-60-g\/","title":{"rendered":"Love Bar Kostka do mycia cia\u0142a \/ Rokitnik + olej z mandarynek  60 g\u00a0"},"content":{"rendered":"","protected":false},"excerpt":{"rendered":"<p>Dbanie o Nasz\u0105 planete sprawia, \u017ce jeste\u015bmy pi\u0119kniejszymi lud\u017ami. Dlatego LoveBar jest kostk\u0105 mi\u0142o\u015bci i troski. Kostka to nie myd\u0142o &#8211; to silnie skoncentrowany produkt.LoveBar = redukcja zu\u017cycia wody, 0% plastiku, , 0% skomplikowanej chemii, ale to 100% mi\u0142o\u015bci do Ziemi. Kostka do mycia cia\u0142a LoveBar jest wysoce skoncentrowana, pe\u0142na naturalnych sk\u0142adnik\u00f3w i olejk\u00f3w eterycznych, dobrze si\u0119 pieni, dog\u0142\u0119bnie oczyszcza i od\u017cywia sk\u00f3r\u0119. Zawiera 100% olejek z owoc\u00f3w rokitnika, kt\u00f3ry poprawia koloryt sk\u00f3ry, 100% certyfikowane mas\u0142o shea wspomaga nawil\u017canie, nadaje mi\u0119kko\u015b\u0107 i g\u0142adko\u015b\u0107. 100% olej z mandarynki pobudza, od\u015bwie\u017ca i dzia\u0142a aromaterapeutycznie sprawiaj\u0105c, \u017ce ka\u017cdego dnia stajesz si\u0119 pi\u0119kniejsz\u0105 wersj\u0105 siebie. Do ka\u017cdego rodzaju sk\u00f3ry.<\/p>\n","protected":false},"featured_media":386,"comment_status":"closed","ping_status":"closed","template":"","meta":{"_acf_changed":false,"_et_pb_use_builder":"on","_et_pb_old_content":"","_et_gb_content_width":"","inline_featured_image":false},"product_brand":[],"product_cat":[211,114,113,128],"product_tag":[],"class_list":{"0":"post-353","1":"product","2":"type-product","3":"status-publish","4":"has-post-thumbnail","6":"product_cat-e","7":"product_cat-kosmetyki-naturalne-2","8":"product_cat-love-bar-2","9":"product_cat-naturalna-pielegnacja-ciala","11":"first","12":"instock","13":"purchasable","14":"product-type-simple"},"acf":[],"_links":{"self":[{"href":"https:\/\/bsdistribution.pl\/sklep\/wp-json\/wp\/v2\/product\/353","targetHints":{"allow":["GET"]}}],"collection":[{"href":"https:\/\/bsdistribution.pl\/sklep\/wp-json\/wp\/v2\/product"}],"about":[{"href":"https:\/\/bsdistribution.pl\/sklep\/wp-json\/wp\/v2\/types\/product"}],"replies":[{"embeddable":true,"href":"https:\/\/bsdistribution.pl\/sklep\/wp-json\/wp\/v2\/comments?post=353"}],"wp:featuredmedia":[{"embeddable":true,"href":"https:\/\/bsdistribution.pl\/sklep\/wp-json\/wp\/v2\/media\/386"}],"wp:attachment":[{"href":"https:\/\/bsdistribution.pl\/sklep\/wp-json\/wp\/v2\/media?parent=353"}],"wp:term":[{"taxonomy":"product_brand","embeddable":true,"href":"https:\/\/bsdistribution.pl\/sklep\/wp-json\/wp\/v2\/product_brand?post=353"},{"taxonomy":"product_cat","embeddable":true,"href":"https:\/\/bsdistribution.pl\/sklep\/wp-json\/wp\/v2\/product_cat?post=353"},{"taxonomy":"product_tag","embeddable":true,"href":"https:\/\/bsdistribution.pl\/sklep\/wp-json\/wp\/v2\/product_tag?post=353"}],"curies":[{"name":"wp","href":"https:\/\/api.w.org\/{rel}","templated":true}]}}