{"id":333,"date":"2020-04-28T14:56:22","date_gmt":"2020-04-28T12:56:22","guid":{"rendered":"https:\/\/bsdistribution.pl\/sklep\/?post_type=product&#038;p=333"},"modified":"2023-11-30T14:33:10","modified_gmt":"2023-11-30T13:33:10","slug":"hungry-hair-nadajaca-polysk-maska-shoot-do-wlosow-25ml","status":"publish","type":"product","link":"https:\/\/bsdistribution.pl\/sklep\/produkt\/hungry-hair-nadajaca-polysk-maska-shoot-do-wlosow-25ml\/","title":{"rendered":"Hungry Hair Nadaj\u0105ca po\u0142ysk maska-shoot do w\u0142os\u00f3w 20ml"},"content":{"rendered":"","protected":false},"excerpt":{"rendered":"<p>Jeste\u015b tym co jesz, a Twoje w\u0142osy tym czym je &#8222;karmisz&#8221;. &#8222;Nakarm&#8221; swoje spragnione w\u0142osy najlepszymi, zdrowymi i naturalnymi sk\u0142adnikami zawartymi w linii Hungry hair.<br \/>\nProdukty bazuj\u0105 na superfoodsach czyli sk\u0142adnikach od\u017cywczych pochodzenia naturalnego, s\u0105 bogate w antyoksydanty, zawieraj\u0105 substancje energetyzuj\u0105ce, od\u015bwie\u017caj\u0105ce i tonizuj\u0105ce, a wi\u0119c samo dobro dla Twoich w\u0142os\u00f3w. Formu\u0142a zawarta w Hungry hair Shine shoot skutecznie oczyszcza i od\u017cywia sk\u00f3r\u0119 g\u0142owy oraz w\u0142osy, zapewniaj\u0105c im zdrowy i \u015bwie\u017cy wygl\u0105d. Obfita porcja ekstraktu z melona wspomaga nawil\u017cenie, olejkowa esencja z orzeszk\u00f3w makadamia, winogron i s\u0142odkich migda\u0142\u00f3w rozpieszcza w\u0142osy niweluj\u0105c szorstko\u015b\u0107, wyp\u0142eniaj\u0105c mikrouszkodzenia i przywracj\u0105c blask. Cenne witaminy A i E od\u017cywiaj\u0105 sk\u00f3r\u0119 g\u0142owy chroni\u0105c w\u0142osy przed przedwczesnym wypadaniem.<\/p>\n","protected":false},"featured_media":394,"comment_status":"closed","ping_status":"closed","template":"","meta":{"_acf_changed":false,"_et_pb_use_builder":"off","_et_pb_old_content":"","_et_gb_content_width":"","inline_featured_image":false},"product_brand":[],"product_cat":[211,107,125,17],"product_tag":[],"class_list":{"0":"post-333","1":"product","2":"type-product","3":"status-publish","4":"has-post-thumbnail","6":"product_cat-e","7":"product_cat-hungry-hair-2","8":"product_cat-maski","9":"product_cat-pielegnacja-wlosow","11":"first","12":"outofstock","13":"purchasable","14":"product-type-simple"},"acf":[],"_links":{"self":[{"href":"https:\/\/bsdistribution.pl\/sklep\/wp-json\/wp\/v2\/product\/333","targetHints":{"allow":["GET"]}}],"collection":[{"href":"https:\/\/bsdistribution.pl\/sklep\/wp-json\/wp\/v2\/product"}],"about":[{"href":"https:\/\/bsdistribution.pl\/sklep\/wp-json\/wp\/v2\/types\/product"}],"replies":[{"embeddable":true,"href":"https:\/\/bsdistribution.pl\/sklep\/wp-json\/wp\/v2\/comments?post=333"}],"wp:featuredmedia":[{"embeddable":true,"href":"https:\/\/bsdistribution.pl\/sklep\/wp-json\/wp\/v2\/media\/394"}],"wp:attachment":[{"href":"https:\/\/bsdistribution.pl\/sklep\/wp-json\/wp\/v2\/media?parent=333"}],"wp:term":[{"taxonomy":"product_brand","embeddable":true,"href":"https:\/\/bsdistribution.pl\/sklep\/wp-json\/wp\/v2\/product_brand?post=333"},{"taxonomy":"product_cat","embeddable":true,"href":"https:\/\/bsdistribution.pl\/sklep\/wp-json\/wp\/v2\/product_cat?post=333"},{"taxonomy":"product_tag","embeddable":true,"href":"https:\/\/bsdistribution.pl\/sklep\/wp-json\/wp\/v2\/product_tag?post=333"}],"curies":[{"name":"wp","href":"https:\/\/api.w.org\/{rel}","templated":true}]}}