{"id":264,"date":"2020-04-28T14:56:05","date_gmt":"2020-04-28T12:56:05","guid":{"rendered":"https:\/\/bsdistribution.pl\/sklep\/?post_type=product&#038;p=264"},"modified":"2023-03-28T13:03:48","modified_gmt":"2023-03-28T11:03:48","slug":"hask-biotin-odzywka-5-in-1-bez-splukiwania","status":"publish","type":"product","link":"https:\/\/bsdistribution.pl\/sklep\/produkt\/hask-biotin-odzywka-5-in-1-bez-splukiwania\/","title":{"rendered":"Hask Biotin od\u017cywka 5 in 1 bez sp\u0142ukiwania"},"content":{"rendered":"","protected":false},"excerpt":{"rendered":"<p>Od\u017cywka bez sp\u0142ukiwania 5 w 1 do w\u0142os\u00f3w HASK Biotin wzbogacona w biotyn\u0119 czyli witamin\u0119 B7, kolagen oraz kaw\u0119 wzmacnia cienkie i s\u0142abe w\u0142osy dodaj\u0105c im naturalnej obj\u0119to\u015bci. Idealny do w\u0142os\u00f3w os\u0142abionych i wypadaj\u0105cych<\/p>\n","protected":false},"featured_media":486,"comment_status":"closed","ping_status":"closed","template":"","meta":{"_acf_changed":false,"_et_pb_use_builder":"on","_et_pb_old_content":"","_et_gb_content_width":"","inline_featured_image":false},"product_brand":[],"product_cat":[211,91,84,17],"product_tag":[],"class_list":{"0":"post-264","1":"product","2":"type-product","3":"status-publish","4":"has-post-thumbnail","6":"product_cat-e","7":"product_cat-hask-2","8":"product_cat-odzywka-2","9":"product_cat-pielegnacja-wlosow","11":"first","12":"instock","13":"purchasable","14":"product-type-simple"},"acf":[],"_links":{"self":[{"href":"https:\/\/bsdistribution.pl\/sklep\/wp-json\/wp\/v2\/product\/264","targetHints":{"allow":["GET"]}}],"collection":[{"href":"https:\/\/bsdistribution.pl\/sklep\/wp-json\/wp\/v2\/product"}],"about":[{"href":"https:\/\/bsdistribution.pl\/sklep\/wp-json\/wp\/v2\/types\/product"}],"replies":[{"embeddable":true,"href":"https:\/\/bsdistribution.pl\/sklep\/wp-json\/wp\/v2\/comments?post=264"}],"wp:featuredmedia":[{"embeddable":true,"href":"https:\/\/bsdistribution.pl\/sklep\/wp-json\/wp\/v2\/media\/486"}],"wp:attachment":[{"href":"https:\/\/bsdistribution.pl\/sklep\/wp-json\/wp\/v2\/media?parent=264"}],"wp:term":[{"taxonomy":"product_brand","embeddable":true,"href":"https:\/\/bsdistribution.pl\/sklep\/wp-json\/wp\/v2\/product_brand?post=264"},{"taxonomy":"product_cat","embeddable":true,"href":"https:\/\/bsdistribution.pl\/sklep\/wp-json\/wp\/v2\/product_cat?post=264"},{"taxonomy":"product_tag","embeddable":true,"href":"https:\/\/bsdistribution.pl\/sklep\/wp-json\/wp\/v2\/product_tag?post=264"}],"curies":[{"name":"wp","href":"https:\/\/api.w.org\/{rel}","templated":true}]}}