{"id":251,"date":"2020-04-28T14:56:01","date_gmt":"2020-04-28T12:56:01","guid":{"rendered":"https:\/\/bsdistribution.pl\/sklep\/?post_type=product&#038;p=251"},"modified":"2025-10-10T14:28:28","modified_gmt":"2025-10-10T12:28:28","slug":"creightons-body-bliss-mango-i-papaya-zel-pod-prysznic-i-do-kapieli","status":"publish","type":"product","link":"https:\/\/bsdistribution.pl\/sklep\/produkt\/creightons-body-bliss-mango-i-papaya-zel-pod-prysznic-i-do-kapieli\/","title":{"rendered":"Creightons Body Bliss Mango i Papaya \u017bel pod prysznic i do k\u0105pieli"},"content":{"rendered":"","protected":false},"excerpt":{"rendered":"<p>Obud\u017a swoje zmys\u0142y i rozpocznij dzie\u0144 od serii Mango i Papaya.<\/p>\n","protected":false},"featured_media":957,"comment_status":"closed","ping_status":"closed","template":"","meta":{"_acf_changed":false,"_et_pb_use_builder":"off","_et_pb_old_content":"","_et_gb_content_width":"","inline_featured_image":false},"product_brand":[],"product_cat":[82,21,86],"product_tag":[],"class_list":{"0":"post-251","1":"product","2":"type-product","3":"status-publish","4":"has-post-thumbnail","6":"product_cat-creightons-2","7":"product_cat-pielegnacja-ciala","8":"product_cat-zel-pod-prysznic-2","10":"first","11":"outofstock","12":"purchasable","13":"product-type-simple"},"acf":[],"_links":{"self":[{"href":"https:\/\/bsdistribution.pl\/sklep\/wp-json\/wp\/v2\/product\/251","targetHints":{"allow":["GET"]}}],"collection":[{"href":"https:\/\/bsdistribution.pl\/sklep\/wp-json\/wp\/v2\/product"}],"about":[{"href":"https:\/\/bsdistribution.pl\/sklep\/wp-json\/wp\/v2\/types\/product"}],"replies":[{"embeddable":true,"href":"https:\/\/bsdistribution.pl\/sklep\/wp-json\/wp\/v2\/comments?post=251"}],"wp:featuredmedia":[{"embeddable":true,"href":"https:\/\/bsdistribution.pl\/sklep\/wp-json\/wp\/v2\/media\/957"}],"wp:attachment":[{"href":"https:\/\/bsdistribution.pl\/sklep\/wp-json\/wp\/v2\/media?parent=251"}],"wp:term":[{"taxonomy":"product_brand","embeddable":true,"href":"https:\/\/bsdistribution.pl\/sklep\/wp-json\/wp\/v2\/product_brand?post=251"},{"taxonomy":"product_cat","embeddable":true,"href":"https:\/\/bsdistribution.pl\/sklep\/wp-json\/wp\/v2\/product_cat?post=251"},{"taxonomy":"product_tag","embeddable":true,"href":"https:\/\/bsdistribution.pl\/sklep\/wp-json\/wp\/v2\/product_tag?post=251"}],"curies":[{"name":"wp","href":"https:\/\/api.w.org\/{rel}","templated":true}]}}