{"id":1979,"date":"2023-12-08T12:58:24","date_gmt":"2023-12-08T11:58:24","guid":{"rendered":"https:\/\/bsdistribution.pl\/sklep\/?post_type=product&#038;p=1979"},"modified":"2024-08-14T14:19:55","modified_gmt":"2024-08-14T12:19:55","slug":"climaplex-strength-volume-shampoo-400-ml","status":"publish","type":"product","link":"https:\/\/bsdistribution.pl\/sklep\/produkt\/climaplex-strength-volume-shampoo-400-ml\/","title":{"rendered":"Climaplex Strength &amp; Volume Shampoo 400 ml"},"content":{"rendered":"<p><strong>Climaplex Strength &amp; Volume Shampoo<\/strong> to sprawdzony klinicznie szampon, kt\u00f3ry chroni w\u0142osy i sk\u00f3r\u0119 g\u0142owy przed czynnikami atmosferycznymi i zanieczyszczeniami, jednocze\u015bnie skutecznie oczyszczaj\u0105c, zwi\u0119kszaj\u0105c obj\u0119to\u015b\u0107, naprawiaj\u0105c, wzmacniaj\u0105c, nawil\u017caj\u0105c i wyg\u0142adzaj\u0105c \u0142uski od nasady a\u017c po same ko\u0144ce. Nadaje si\u0119 do wszystkich rodzaj\u00f3w i tekstur w\u0142os\u00f3w, nadaje ekstremalny po\u0142ysk, efekt po\u0142ysku, mi\u0119kko\u015b\u0107 oraz u\u0142atwia rozczesywanie i kontrol\u0119. Aby uzyska\u0107 intensywne rezultaty, stosuj z od\u017cywk\u0105 ClimaplexTM Strength &amp; Volume Conditioner.<\/p>\n","protected":false},"excerpt":{"rendered":"<p><strong>Climaplex Strength &amp; Volume Shampoo<\/strong> to sprawdzony klinicznie szampon, kt\u00f3ry chroni w\u0142osy i sk\u00f3r\u0119 g\u0142owy przed czynnikami atmosferycznymi i zanieczyszczeniami, jednocze\u015bnie skutecznie oczyszczaj\u0105c, zwi\u0119kszaj\u0105c obj\u0119to\u015b\u0107, naprawiaj\u0105c, wzmacniaj\u0105c, nawil\u017caj\u0105c i wyg\u0142adzaj\u0105c \u0142uski od nasady a\u017c po same ko\u0144ce. Nadaje si\u0119 do wszystkich rodzaj\u00f3w i tekstur w\u0142os\u00f3w, nadaje ekstremalny po\u0142ysk, efekt po\u0142ysku, mi\u0119kko\u015b\u0107 oraz u\u0142atwia rozczesywanie i kontrol\u0119. Aby uzyska\u0107 intensywne rezultaty, stosuj z od\u017cywk\u0105 ClimaplexTM Strength &amp; Volume Conditioner.<\/p>\n","protected":false},"featured_media":1981,"comment_status":"open","ping_status":"closed","template":"","meta":{"_acf_changed":false,"_et_pb_use_builder":"","_et_pb_old_content":"","_et_gb_content_width":"","inline_featured_image":false},"product_brand":[],"product_cat":[228,211,17,83],"product_tag":[229,160],"class_list":{"0":"post-1979","1":"product","2":"type-product","3":"status-publish","4":"has-post-thumbnail","6":"product_cat-climaplex-2","7":"product_cat-e","8":"product_cat-pielegnacja-wlosow","9":"product_cat-szampon-2","10":"product_tag-climaplex","11":"product_tag-szampon","13":"first","14":"outofstock","15":"shipping-taxable","16":"purchasable","17":"product-type-simple"},"acf":[],"_links":{"self":[{"href":"https:\/\/bsdistribution.pl\/sklep\/wp-json\/wp\/v2\/product\/1979","targetHints":{"allow":["GET"]}}],"collection":[{"href":"https:\/\/bsdistribution.pl\/sklep\/wp-json\/wp\/v2\/product"}],"about":[{"href":"https:\/\/bsdistribution.pl\/sklep\/wp-json\/wp\/v2\/types\/product"}],"replies":[{"embeddable":true,"href":"https:\/\/bsdistribution.pl\/sklep\/wp-json\/wp\/v2\/comments?post=1979"}],"wp:featuredmedia":[{"embeddable":true,"href":"https:\/\/bsdistribution.pl\/sklep\/wp-json\/wp\/v2\/media\/1981"}],"wp:attachment":[{"href":"https:\/\/bsdistribution.pl\/sklep\/wp-json\/wp\/v2\/media?parent=1979"}],"wp:term":[{"taxonomy":"product_brand","embeddable":true,"href":"https:\/\/bsdistribution.pl\/sklep\/wp-json\/wp\/v2\/product_brand?post=1979"},{"taxonomy":"product_cat","embeddable":true,"href":"https:\/\/bsdistribution.pl\/sklep\/wp-json\/wp\/v2\/product_cat?post=1979"},{"taxonomy":"product_tag","embeddable":true,"href":"https:\/\/bsdistribution.pl\/sklep\/wp-json\/wp\/v2\/product_tag?post=1979"}],"curies":[{"name":"wp","href":"https:\/\/api.w.org\/{rel}","templated":true}]}}