{"id":1923,"date":"2023-12-01T11:19:28","date_gmt":"2023-12-01T10:19:28","guid":{"rendered":"https:\/\/bsdistribution.pl\/sklep\/?post_type=product&#038;p=1923"},"modified":"2024-05-22T10:42:04","modified_gmt":"2024-05-22T08:42:04","slug":"camaleon-cherry-gloss-blyszczyk-wisniowy-9ml","status":"publish","type":"product","link":"https:\/\/bsdistribution.pl\/sklep\/produkt\/camaleon-cherry-gloss-blyszczyk-wisniowy-9ml\/","title":{"rendered":"CAMALEON CHERRY GLOSS- b\u0142yszczyk wi\u015bniowy. 9ml"},"content":{"rendered":"<table style=\"height: 523px\" width=\"1222\">\n<tbody>\n<tr>\n<td style=\"width: 1212px\">D\u0142ugotrwa\u0142y, nieklej\u0105cy si\u0119 b\u0142yszczyk do stosowania samodzielnie lub z ulubion\u0105 pomadk\u0105, pomaga uzyska\u0107 efekt wype\u0142nienia ust. Dzi\u0119ki wzbogaconej formule<br \/>\nz kwasem hialuronowym wype\u0142niaj\u0105cym zmarszczki i rozja\u015bniaj\u0105cym<br \/>\nwyko\u0144cz\u0105, zapewniaj\u0105 efekt obj\u0119to\u015bci na ustach. Dost\u0119pny w 6 odcieniach (r\u00f3\u017cowy, czerwony, przezroczysty, wi\u015bniowy, per\u0142owy i br\u0105zowy) i 3 wyko\u0144czeniach (magiczny, metaliczny i bezbarwny) z naturalnymi sk\u0142adnikami nawil\u017caj\u0105cymi, kt\u00f3re piel\u0119gnuj\u0105 Twoje usta: olejem z dzikiej r\u00f3\u017cy, olejkiem z pestek winogron i witamin\u0105 E.&#8221;<\/td>\n<\/tr>\n<\/tbody>\n<\/table>\n","protected":false},"excerpt":{"rendered":"<p>D\u0142ugotrwa\u0142y, nieklej\u0105cy si\u0119 b\u0142yszczyk do stosowania samodzielnie lub z ulubion\u0105 pomadk\u0105, pomaga uzyska\u0107 efekt wype\u0142nienia ust. Dzi\u0119ki wzbogaconej formule z kwasem hialuronowym wype\u0142niaj\u0105cym zmarszczki i rozja\u015bniaj\u0105cym wyko\u0144cz\u0105, zapewniaj\u0105 efekt obj\u0119to\u015bci na ustach. Dost\u0119pny w 6 odcieniach (r\u00f3\u017cowy, czerwony, przezroczysty, wi\u015bniowy, per\u0142owy i br\u0105zowy) i 3 wyko\u0144czeniach (magiczny, metaliczny i bezbarwny) z naturalnymi sk\u0142adnikami nawil\u017caj\u0105cymi, kt\u00f3re [&hellip;]<\/p>\n","protected":false},"featured_media":1925,"comment_status":"open","ping_status":"closed","template":"","meta":{"_acf_changed":false,"_et_pb_use_builder":"","_et_pb_old_content":"","_et_gb_content_width":"","inline_featured_image":false},"product_brand":[],"product_cat":[217,211,114,130,126,216],"product_tag":[],"class_list":{"0":"post-1923","1":"product","2":"type-product","3":"status-publish","4":"has-post-thumbnail","6":"product_cat-camaleon-2","7":"product_cat-e","8":"product_cat-kosmetyki-naturalne-2","9":"product_cat-naturalna-pielegnacja-twarzy-kosmetyki-naturalne-2","10":"product_cat-naturalna-pielegnacja-twarzy","11":"product_cat-naturalna-pielegnacja-ust","13":"first","14":"instock","15":"shipping-taxable","16":"purchasable","17":"product-type-simple"},"acf":[],"_links":{"self":[{"href":"https:\/\/bsdistribution.pl\/sklep\/wp-json\/wp\/v2\/product\/1923","targetHints":{"allow":["GET"]}}],"collection":[{"href":"https:\/\/bsdistribution.pl\/sklep\/wp-json\/wp\/v2\/product"}],"about":[{"href":"https:\/\/bsdistribution.pl\/sklep\/wp-json\/wp\/v2\/types\/product"}],"replies":[{"embeddable":true,"href":"https:\/\/bsdistribution.pl\/sklep\/wp-json\/wp\/v2\/comments?post=1923"}],"wp:featuredmedia":[{"embeddable":true,"href":"https:\/\/bsdistribution.pl\/sklep\/wp-json\/wp\/v2\/media\/1925"}],"wp:attachment":[{"href":"https:\/\/bsdistribution.pl\/sklep\/wp-json\/wp\/v2\/media?parent=1923"}],"wp:term":[{"taxonomy":"product_brand","embeddable":true,"href":"https:\/\/bsdistribution.pl\/sklep\/wp-json\/wp\/v2\/product_brand?post=1923"},{"taxonomy":"product_cat","embeddable":true,"href":"https:\/\/bsdistribution.pl\/sklep\/wp-json\/wp\/v2\/product_cat?post=1923"},{"taxonomy":"product_tag","embeddable":true,"href":"https:\/\/bsdistribution.pl\/sklep\/wp-json\/wp\/v2\/product_tag?post=1923"}],"curies":[{"name":"wp","href":"https:\/\/api.w.org\/{rel}","templated":true}]}}