{"id":1895,"date":"2023-12-01T10:49:37","date_gmt":"2023-12-01T09:49:37","guid":{"rendered":"https:\/\/bsdistribution.pl\/sklep\/?post_type=product&#038;p=1895"},"modified":"2024-05-22T10:28:18","modified_gmt":"2024-05-22T08:28:18","slug":"pomadka-fluorescent-red-basic-colourfun-4g","status":"publish","type":"product","link":"https:\/\/bsdistribution.pl\/sklep\/produkt\/pomadka-fluorescent-red-basic-colourfun-4g\/","title":{"rendered":"Pomadka FLUORESCENT RED BASIC COLOURFUN 4g"},"content":{"rendered":"<p>Zabawa na twoich ustach! Kolekcja COLOURFUN sk\u0142ada si\u0119 z pi\u0119ciu pomadek o metalicznym\u00a0 i trzech\u00a0 o fluorescencyjnym odcieniu. Idealnych na ka\u017cd\u0105 por\u0119 roku. Idealnie nawil\u017c\u0105 i perfekcyjnie pomaluj\u0105 ust. Po\u0142ysk kolor\u00f3w nadaje ustom soczysty wygl\u0105d, sprawiaj\u0105c,\u017ce s\u0105 bardziej seksowne i zjawiskowe.\u00a0 R\u00f3\u017cowy, wi\u015bniowy, fioletowy, czerwony i piaskowy to pi\u0119\u0107 wyko\u0144cze\u0144, z kt\u00f3rych b\u0119dziesz mie\u0107 do wyboru. Z naturalnymi sk\u0142adnikami nawil\u017caj\u0105cymi, kt\u00f3re piel\u0119gnuj\u0105 Twoje usta, zapewniaj\u0105c dodatkowe nawil\u017cenie i od\u017cywienie: aloes, dzika r\u00f3\u017ca i mas\u0142o kakaowe.<\/p>\n","protected":false},"excerpt":{"rendered":"<p>Zabawa na twoich ustach! Kolekcja COLOURFUN sk\u0142ada si\u0119 z pi\u0119ciu pomadek o metalicznym\u00a0 i trzech\u00a0 o fluorescencyjnym odcieniu. Idealnych na ka\u017cd\u0105 por\u0119 roku. Idealnie nawil\u017c\u0105 i perfekcyjnie pomaluj\u0105 ust. Po\u0142ysk kolor\u00f3w nadaje ustom soczysty wygl\u0105d, sprawiaj\u0105c,\u017ce s\u0105 bardziej seksowne i zjawiskowe.\u00a0 R\u00f3\u017cowy, wi\u015bniowy, fioletowy, czerwony i piaskowy to pi\u0119\u0107 wyko\u0144cze\u0144, z kt\u00f3rych b\u0119dziesz mie\u0107 do wyboru. Z naturalnymi sk\u0142adnikami nawil\u017caj\u0105cymi, kt\u00f3re piel\u0119gnuj\u0105 Twoje usta, zapewniaj\u0105c dodatkowe nawil\u017cenie i od\u017cywienie: aloes, dzika r\u00f3\u017ca i mas\u0142o kakaowe.<\/p>\n","protected":false},"featured_media":1897,"comment_status":"open","ping_status":"closed","template":"","meta":{"_acf_changed":false,"_et_pb_use_builder":"","_et_pb_old_content":"","_et_gb_content_width":"","inline_featured_image":false},"product_brand":[],"product_cat":[217,211,114,126,130,216],"product_tag":[],"class_list":{"0":"post-1895","1":"product","2":"type-product","3":"status-publish","4":"has-post-thumbnail","6":"product_cat-camaleon-2","7":"product_cat-e","8":"product_cat-kosmetyki-naturalne-2","9":"product_cat-naturalna-pielegnacja-twarzy","10":"product_cat-naturalna-pielegnacja-twarzy-kosmetyki-naturalne-2","11":"product_cat-naturalna-pielegnacja-ust","13":"first","14":"instock","15":"shipping-taxable","16":"purchasable","17":"product-type-simple"},"acf":[],"_links":{"self":[{"href":"https:\/\/bsdistribution.pl\/sklep\/wp-json\/wp\/v2\/product\/1895","targetHints":{"allow":["GET"]}}],"collection":[{"href":"https:\/\/bsdistribution.pl\/sklep\/wp-json\/wp\/v2\/product"}],"about":[{"href":"https:\/\/bsdistribution.pl\/sklep\/wp-json\/wp\/v2\/types\/product"}],"replies":[{"embeddable":true,"href":"https:\/\/bsdistribution.pl\/sklep\/wp-json\/wp\/v2\/comments?post=1895"}],"wp:featuredmedia":[{"embeddable":true,"href":"https:\/\/bsdistribution.pl\/sklep\/wp-json\/wp\/v2\/media\/1897"}],"wp:attachment":[{"href":"https:\/\/bsdistribution.pl\/sklep\/wp-json\/wp\/v2\/media?parent=1895"}],"wp:term":[{"taxonomy":"product_brand","embeddable":true,"href":"https:\/\/bsdistribution.pl\/sklep\/wp-json\/wp\/v2\/product_brand?post=1895"},{"taxonomy":"product_cat","embeddable":true,"href":"https:\/\/bsdistribution.pl\/sklep\/wp-json\/wp\/v2\/product_cat?post=1895"},{"taxonomy":"product_tag","embeddable":true,"href":"https:\/\/bsdistribution.pl\/sklep\/wp-json\/wp\/v2\/product_tag?post=1895"}],"curies":[{"name":"wp","href":"https:\/\/api.w.org\/{rel}","templated":true}]}}