{"id":1873,"date":"2023-12-01T10:33:12","date_gmt":"2023-12-01T09:33:12","guid":{"rendered":"https:\/\/bsdistribution.pl\/sklep\/?post_type=product&#038;p=1873"},"modified":"2024-05-22T10:28:19","modified_gmt":"2024-05-22T08:28:19","slug":"pomadka-metallic-purple-basic-colourfun-4g","status":"publish","type":"product","link":"https:\/\/bsdistribution.pl\/sklep\/produkt\/pomadka-metallic-purple-basic-colourfun-4g\/","title":{"rendered":"Pomadka METALLIC PURPLE BASIC COLOURFUN 4g"},"content":{"rendered":"<p><b>BASIC COLOURFUN &#8211; Metallic<\/b><\/p>\n<p>Pomadka nawil\u017caj\u0105ca. Intensywny kolor z metalicznym wyko\u0144czeniem. Aloes: ma niezwyk\u0142e w\u0142a\u015bciwo\u015bci nawil\u017caj\u0105ce i zmi\u0119kczaj\u0105ce. Dzika r\u00f3\u017ca: sk\u0142adnik aktywny, kt\u00f3ry regeneruje, zmi\u0119kcza i chroni sk\u00f3r\u0119 przed czynnikami zewn\u0119trznymi. Mas\u0142o kakaowe: sk\u0142adnik aktywny, kt\u00f3ry nawil\u017ca i od\u017cywia sk\u00f3r\u0119. Bogaty w witamin\u0119 E, kt\u00f3ra dzia\u0142a przeciwutleniaj\u0105co.<\/p>\n<p>Odpowiedni dla celiakii. Vegan. Testowany dermatologicznie.<\/p>\n","protected":false},"excerpt":{"rendered":"<p><b>BASIC COLOURFUN &#8211; Metallic<\/b><\/p>\n<p>Pomadka nawil\u017caj\u0105ca. Intensywny kolor z metalicznym wyko\u0144czeniem. Aloes: ma niezwyk\u0142e w\u0142a\u015bciwo\u015bci nawil\u017caj\u0105ce i zmi\u0119kczaj\u0105ce. Dzika r\u00f3\u017ca: sk\u0142adnik aktywny, kt\u00f3ry regeneruje, zmi\u0119kcza i chroni sk\u00f3r\u0119 przed czynnikami zewn\u0119trznymi. Mas\u0142o kakaowe: sk\u0142adnik aktywny, kt\u00f3ry nawil\u017ca i od\u017cywia sk\u00f3r\u0119. Bogaty w witamin\u0119 E, kt\u00f3ra dzia\u0142a przeciwutleniaj\u0105co.<\/p>\n<p>Odpowiedni dla celiakii. Vegan. Testowany dermatologicznie.<\/p>\n","protected":false},"featured_media":1875,"comment_status":"open","ping_status":"closed","template":"","meta":{"_acf_changed":false,"_et_pb_use_builder":"","_et_pb_old_content":"","_et_gb_content_width":"","inline_featured_image":false},"product_brand":[],"product_cat":[217,211,114,126,130,216],"product_tag":[],"class_list":{"0":"post-1873","1":"product","2":"type-product","3":"status-publish","4":"has-post-thumbnail","6":"product_cat-camaleon-2","7":"product_cat-e","8":"product_cat-kosmetyki-naturalne-2","9":"product_cat-naturalna-pielegnacja-twarzy","10":"product_cat-naturalna-pielegnacja-twarzy-kosmetyki-naturalne-2","11":"product_cat-naturalna-pielegnacja-ust","13":"first","14":"instock","15":"shipping-taxable","16":"purchasable","17":"product-type-simple"},"acf":[],"_links":{"self":[{"href":"https:\/\/bsdistribution.pl\/sklep\/wp-json\/wp\/v2\/product\/1873","targetHints":{"allow":["GET"]}}],"collection":[{"href":"https:\/\/bsdistribution.pl\/sklep\/wp-json\/wp\/v2\/product"}],"about":[{"href":"https:\/\/bsdistribution.pl\/sklep\/wp-json\/wp\/v2\/types\/product"}],"replies":[{"embeddable":true,"href":"https:\/\/bsdistribution.pl\/sklep\/wp-json\/wp\/v2\/comments?post=1873"}],"wp:featuredmedia":[{"embeddable":true,"href":"https:\/\/bsdistribution.pl\/sklep\/wp-json\/wp\/v2\/media\/1875"}],"wp:attachment":[{"href":"https:\/\/bsdistribution.pl\/sklep\/wp-json\/wp\/v2\/media?parent=1873"}],"wp:term":[{"taxonomy":"product_brand","embeddable":true,"href":"https:\/\/bsdistribution.pl\/sklep\/wp-json\/wp\/v2\/product_brand?post=1873"},{"taxonomy":"product_cat","embeddable":true,"href":"https:\/\/bsdistribution.pl\/sklep\/wp-json\/wp\/v2\/product_cat?post=1873"},{"taxonomy":"product_tag","embeddable":true,"href":"https:\/\/bsdistribution.pl\/sklep\/wp-json\/wp\/v2\/product_tag?post=1873"}],"curies":[{"name":"wp","href":"https:\/\/api.w.org\/{rel}","templated":true}]}}