{"id":1827,"date":"2023-12-01T09:05:05","date_gmt":"2023-12-01T08:05:05","guid":{"rendered":"https:\/\/bsdistribution.pl\/sklep\/?post_type=product&#038;p=1827"},"modified":"2024-10-24T09:49:06","modified_gmt":"2024-10-24T07:49:06","slug":"pomadka-do-ust-utleniajaca-camaleon-magic-colourstick-magic-czerwony-nr-3-armonia-4g","status":"publish","type":"product","link":"https:\/\/bsdistribution.pl\/sklep\/produkt\/pomadka-do-ust-utleniajaca-camaleon-magic-colourstick-magic-czerwony-nr-3-armonia-4g\/","title":{"rendered":"Pomadka do ust utleniaj\u0105ca CAMALEON MAGIC COLOURSTICK Magic Czerwony Nr 2 Armonia 4g"},"content":{"rendered":"<p><b>MAGIC COLOURSTICK (Yellow, Red, Green, Grey)<\/b><\/p>\n<p>D\u0142ugotrwa\u0142a nawil\u017caj\u0105ca pomadka. Intensywny kolor. Z aloesem, \u015brodkiem nawil\u017caj\u0105cym i zmi\u0119kczaj\u0105cym, dzik\u0105 r\u00f3\u017c\u0105, aktywnym sk\u0142adnikiem, kt\u00f3ry regeneruje, zmi\u0119kcza i chroni sk\u00f3r\u0119 oraz mas\u0142em kakaowym, bardzo bogatym w witamin\u0119 E, kt\u00f3ra dzia\u0142a jako przeciwutleniacz oraz zapewnia nawil\u017cenie i od\u017cywienie sk\u00f3ry.<\/p>\n<p>&nbsp;<\/p>\n<p>Odpowiedni dla celiakii.<\/p>\n","protected":false},"excerpt":{"rendered":"<p><b>MAGIC COLOURSTICK (Yellow, Red, Green, Grey)<\/b><\/p>\n<p>D\u0142ugotrwa\u0142a nawil\u017caj\u0105ca pomadka. Intensywny kolor. Z aloesem, \u015brodkiem nawil\u017caj\u0105cym i zmi\u0119kczaj\u0105cym, dzik\u0105 r\u00f3\u017c\u0105, aktywnym sk\u0142adnikiem, kt\u00f3ry regeneruje, zmi\u0119kcza i chroni sk\u00f3r\u0119 oraz mas\u0142em kakaowym, bardzo bogatym w witamin\u0119 E, kt\u00f3ra dzia\u0142a jako przeciwutleniacz oraz zapewnia nawil\u017cenie i od\u017cywienie sk\u00f3ry.<\/p>\n<p>&nbsp;<\/p>\n","protected":false},"featured_media":1829,"comment_status":"open","ping_status":"closed","template":"","meta":{"_acf_changed":false,"_et_pb_use_builder":"","_et_pb_old_content":"","_et_gb_content_width":"","inline_featured_image":false},"product_brand":[],"product_cat":[217,211,114,130,216],"product_tag":[],"class_list":{"0":"post-1827","1":"product","2":"type-product","3":"status-publish","4":"has-post-thumbnail","6":"product_cat-camaleon-2","7":"product_cat-e","8":"product_cat-kosmetyki-naturalne-2","9":"product_cat-naturalna-pielegnacja-twarzy-kosmetyki-naturalne-2","10":"product_cat-naturalna-pielegnacja-ust","12":"first","13":"outofstock","14":"shipping-taxable","15":"purchasable","16":"product-type-simple"},"acf":[],"_links":{"self":[{"href":"https:\/\/bsdistribution.pl\/sklep\/wp-json\/wp\/v2\/product\/1827","targetHints":{"allow":["GET"]}}],"collection":[{"href":"https:\/\/bsdistribution.pl\/sklep\/wp-json\/wp\/v2\/product"}],"about":[{"href":"https:\/\/bsdistribution.pl\/sklep\/wp-json\/wp\/v2\/types\/product"}],"replies":[{"embeddable":true,"href":"https:\/\/bsdistribution.pl\/sklep\/wp-json\/wp\/v2\/comments?post=1827"}],"wp:featuredmedia":[{"embeddable":true,"href":"https:\/\/bsdistribution.pl\/sklep\/wp-json\/wp\/v2\/media\/1829"}],"wp:attachment":[{"href":"https:\/\/bsdistribution.pl\/sklep\/wp-json\/wp\/v2\/media?parent=1827"}],"wp:term":[{"taxonomy":"product_brand","embeddable":true,"href":"https:\/\/bsdistribution.pl\/sklep\/wp-json\/wp\/v2\/product_brand?post=1827"},{"taxonomy":"product_cat","embeddable":true,"href":"https:\/\/bsdistribution.pl\/sklep\/wp-json\/wp\/v2\/product_cat?post=1827"},{"taxonomy":"product_tag","embeddable":true,"href":"https:\/\/bsdistribution.pl\/sklep\/wp-json\/wp\/v2\/product_tag?post=1827"}],"curies":[{"name":"wp","href":"https:\/\/api.w.org\/{rel}","templated":true}]}}