{"id":1795,"date":"2023-04-12T14:43:02","date_gmt":"2023-04-12T12:43:02","guid":{"rendered":"https:\/\/bsdistribution.pl\/sklep\/?post_type=product&#038;p=1795"},"modified":"2023-04-12T14:43:02","modified_gmt":"2023-04-12T12:43:02","slug":"hungry-skin-zel-pod-prysznic-vanilia-avocado-300-ml","status":"publish","type":"product","link":"https:\/\/bsdistribution.pl\/sklep\/produkt\/hungry-skin-zel-pod-prysznic-vanilia-avocado-300-ml\/","title":{"rendered":"Hungry skin \u017cel pod prysznic vanilia\/avocado 300 ml"},"content":{"rendered":"<p>Jeste\u015b tym co jesz, a Twoja sk\u00f3ra tym czym j\u0105 \u201ekarmisz\u201d. \u201eNakarm\u201d sk\u00f3r\u0119 superfoodsami czyli sk\u0142adnikami od\u017cywczymi pochodzenia naturalnego, bogatymi w antyoksydanty zawieraj\u0105cymi substancje energetyzuj\u0105ce, od\u015bwie\u017caj\u0105ce i tonizuj\u0105ce.<br \/>\nHungry Hair Moisturizing Bath &amp; Shower gel to super nawil\u017cenie sk\u00f3ry dzi\u0119ki superfoods. MORINGA od\u015bwie\u017ca i oczyszcza sk\u00f3r\u0119, olej avocado bogaty w witaminy wspomaga dog\u0142\u0119bne nawil\u017canie, a ekstrakt z wanilii dzia\u0142a silnie antyoksydacyjnie. Wykazuje tak\u017ce ciekawe dzia\u0142anie aromaterapeutyczne, kt\u00f3re dodatkowo pobudzi Twoje zmys\u0142y.<\/p>\n","protected":false},"excerpt":{"rendered":"<p>Jeste\u015b tym co jesz, a Twoja sk\u00f3ra tym czym j\u0105 \u201ekarmisz\u201d. \u201eNakarm\u201d sk\u00f3r\u0119 superfoodsami czyli sk\u0142adnikami od\u017cywczymi pochodzenia naturalnego, bogatymi w antyoksydanty zawieraj\u0105cymi substancje energetyzuj\u0105ce, od\u015bwie\u017caj\u0105ce i tonizuj\u0105ce. Hungry Hair Moisturizing Bath &amp; Shower gel to super nawil\u017cenie sk\u00f3ry dzi\u0119ki superfoods. MORINGA od\u015bwie\u017ca i oczyszcza sk\u00f3r\u0119, olej avocado bogaty w witaminy wspomaga dog\u0142\u0119bne nawil\u017canie, a [&hellip;]<\/p>\n","protected":false},"featured_media":1097,"comment_status":"open","ping_status":"closed","template":"","meta":{"_acf_changed":false,"_et_pb_use_builder":"","_et_pb_old_content":"","_et_gb_content_width":"","inline_featured_image":false},"product_brand":[],"product_cat":[133,86],"product_tag":[],"class_list":{"0":"post-1795","1":"product","2":"type-product","3":"status-publish","4":"has-post-thumbnail","6":"product_cat-hungry-skin","7":"product_cat-zel-pod-prysznic-2","9":"first","10":"outofstock","11":"shipping-taxable","12":"purchasable","13":"product-type-simple"},"acf":[],"_links":{"self":[{"href":"https:\/\/bsdistribution.pl\/sklep\/wp-json\/wp\/v2\/product\/1795","targetHints":{"allow":["GET"]}}],"collection":[{"href":"https:\/\/bsdistribution.pl\/sklep\/wp-json\/wp\/v2\/product"}],"about":[{"href":"https:\/\/bsdistribution.pl\/sklep\/wp-json\/wp\/v2\/types\/product"}],"replies":[{"embeddable":true,"href":"https:\/\/bsdistribution.pl\/sklep\/wp-json\/wp\/v2\/comments?post=1795"}],"wp:featuredmedia":[{"embeddable":true,"href":"https:\/\/bsdistribution.pl\/sklep\/wp-json\/wp\/v2\/media\/1097"}],"wp:attachment":[{"href":"https:\/\/bsdistribution.pl\/sklep\/wp-json\/wp\/v2\/media?parent=1795"}],"wp:term":[{"taxonomy":"product_brand","embeddable":true,"href":"https:\/\/bsdistribution.pl\/sklep\/wp-json\/wp\/v2\/product_brand?post=1795"},{"taxonomy":"product_cat","embeddable":true,"href":"https:\/\/bsdistribution.pl\/sklep\/wp-json\/wp\/v2\/product_cat?post=1795"},{"taxonomy":"product_tag","embeddable":true,"href":"https:\/\/bsdistribution.pl\/sklep\/wp-json\/wp\/v2\/product_tag?post=1795"}],"curies":[{"name":"wp","href":"https:\/\/api.w.org\/{rel}","templated":true}]}}