{"id":1793,"date":"2023-04-12T14:35:05","date_gmt":"2023-04-12T12:35:05","guid":{"rendered":"https:\/\/bsdistribution.pl\/sklep\/?post_type=product&#038;p=1793"},"modified":"2023-04-12T14:35:05","modified_gmt":"2023-04-12T12:35:05","slug":"hungry-skin-zel-pod-prysznic-mango-chia-300-ml","status":"publish","type":"product","link":"https:\/\/bsdistribution.pl\/sklep\/produkt\/hungry-skin-zel-pod-prysznic-mango-chia-300-ml\/","title":{"rendered":"Hungry skin \u017cel pod prysznic Mango\/Chia, 300 ml"},"content":{"rendered":"<p>Jeste\u015b tym co jesz, a Twoja sk\u00f3ra tym czym j\u0105 'karmisz&#8217;. 'Nakarm&#8217; sk\u00f3r\u0119 superfoodsami czyli sk\u0142adnikami od\u017cywczymi pochodzenia naturalnego, bogatymi w antyoksydanty zawieraj\u0105cymi substancje energetyzuj\u0105ce, od\u015bwie\u017caj\u0105ce i tonizuj\u0105ce. Hungry Hair Nourishing Bath &amp; Shower gel to super od\u017cywienie Twojej sk\u00f3ry dzi\u0119ki superfoods. Zawarte w \u017celu mas\u0142o MANGO chroni sk\u00f3r\u0119 przed utrat\u0105 wody, jednocze\u015bnie j\u0105 od\u017cywiaj\u0105c i piel\u0119gnuj\u0105c. Olejek JOJOBA idealnie regeneruje mikrouszkodzenia sk\u00f3ry, CHIA wspomaga jej nawil\u017cenie.<\/p>\n","protected":false},"excerpt":{"rendered":"<p>Jeste\u015b tym co jesz, a Twoja sk\u00f3ra tym czym j\u0105 'karmisz&#8217;. 'Nakarm&#8217; sk\u00f3r\u0119 superfoodsami czyli sk\u0142adnikami od\u017cywczymi pochodzenia naturalnego, bogatymi w antyoksydanty zawieraj\u0105cymi substancje energetyzuj\u0105ce, od\u015bwie\u017caj\u0105ce i tonizuj\u0105ce. Hungry Hair Nourishing Bath &amp; Shower gel to super od\u017cywienie Twojej sk\u00f3ry dzi\u0119ki superfoods. Zawarte w \u017celu mas\u0142o MANGO chroni sk\u00f3r\u0119 przed utrat\u0105 wody, jednocze\u015bnie j\u0105 od\u017cywiaj\u0105c [&hellip;]<\/p>\n","protected":false},"featured_media":1096,"comment_status":"open","ping_status":"closed","template":"","meta":{"_acf_changed":false,"_et_pb_use_builder":"","_et_pb_old_content":"","_et_gb_content_width":"","inline_featured_image":false},"product_brand":[],"product_cat":[133,86],"product_tag":[],"class_list":{"0":"post-1793","1":"product","2":"type-product","3":"status-publish","4":"has-post-thumbnail","6":"product_cat-hungry-skin","7":"product_cat-zel-pod-prysznic-2","9":"first","10":"outofstock","11":"shipping-taxable","12":"purchasable","13":"product-type-simple"},"acf":[],"_links":{"self":[{"href":"https:\/\/bsdistribution.pl\/sklep\/wp-json\/wp\/v2\/product\/1793","targetHints":{"allow":["GET"]}}],"collection":[{"href":"https:\/\/bsdistribution.pl\/sklep\/wp-json\/wp\/v2\/product"}],"about":[{"href":"https:\/\/bsdistribution.pl\/sklep\/wp-json\/wp\/v2\/types\/product"}],"replies":[{"embeddable":true,"href":"https:\/\/bsdistribution.pl\/sklep\/wp-json\/wp\/v2\/comments?post=1793"}],"wp:featuredmedia":[{"embeddable":true,"href":"https:\/\/bsdistribution.pl\/sklep\/wp-json\/wp\/v2\/media\/1096"}],"wp:attachment":[{"href":"https:\/\/bsdistribution.pl\/sklep\/wp-json\/wp\/v2\/media?parent=1793"}],"wp:term":[{"taxonomy":"product_brand","embeddable":true,"href":"https:\/\/bsdistribution.pl\/sklep\/wp-json\/wp\/v2\/product_brand?post=1793"},{"taxonomy":"product_cat","embeddable":true,"href":"https:\/\/bsdistribution.pl\/sklep\/wp-json\/wp\/v2\/product_cat?post=1793"},{"taxonomy":"product_tag","embeddable":true,"href":"https:\/\/bsdistribution.pl\/sklep\/wp-json\/wp\/v2\/product_tag?post=1793"}],"curies":[{"name":"wp","href":"https:\/\/api.w.org\/{rel}","templated":true}]}}