{"id":1640,"date":"2022-06-13T09:44:52","date_gmt":"2022-06-13T07:44:52","guid":{"rendered":"https:\/\/bsdistribution.pl\/sklep\/?post_type=product&#038;p=1640"},"modified":"2023-10-06T08:19:53","modified_gmt":"2023-10-06T06:19:53","slug":"ellips-hair-repair-pro-keratin-kaps-50-szt","status":"publish","type":"product","link":"https:\/\/bsdistribution.pl\/sklep\/produkt\/ellips-hair-repair-pro-keratin-kaps-50-szt\/","title":{"rendered":"ELLIPS HAIR REPAIR PRO KERATIN KAPS.50 SZT"},"content":{"rendered":"","protected":false},"excerpt":{"rendered":"<p><img loading=\"lazy\" decoding=\"async\" class=\"alignnone size-medium wp-image-1641\" src=\"https:\/\/bsdistribution.pl\/sklep\/wp-content\/uploads\/2022\/06\/PRO-KERATIN-HairRepair-50-comp-200x300.jpg\" alt=\"\" width=\"200\" height=\"300\" \/><\/p>\n<p>Witaminy do nak\u0142adania na uszkodzone w\u0142osy ELLIPS HAIR REPAIR Pro Keratin z keratyn\u0105. Do naprawy w\u0142os\u00f3w uszkodzonych przez \u015brodki chemiczne i gor\u0105co. Nadaj\u0105 g\u0142adko\u015b\u0107 w\u0142osom ze sk\u0142onno\u015bci\u0105 do puszenia i mierzwienia si\u0119. Zapewniaj\u0105 ochron\u0119 przed \u0142amaniem w\u0142os\u00f3w, rozdwajaniem ich ko\u0144c\u00f3wek, przed gor\u0105cem (do 220\u00b0C) i promieniowaniem UV. Nie nat\u0142uszczaj\u0105 i nie obci\u0105\u017caj\u0105 w\u0142os\u00f3w. Zalecane do w\u0142os\u00f3w o \u015bredniej grubo\u015bci i grubych. Nadaj\u0105 si\u0119 r\u00f3wnie\u017c do w\u0142os\u00f3w kr\u0119conych.<\/p>\n","protected":false},"featured_media":1642,"comment_status":"open","ping_status":"closed","template":"","meta":{"_acf_changed":false,"_et_pb_use_builder":"","_et_pb_old_content":"","_et_gb_content_width":"","inline_featured_image":false},"product_brand":[],"product_cat":[150,92,17],"product_tag":[149,148,152,146,147],"class_list":{"0":"post-1640","1":"product","2":"type-product","3":"status-publish","4":"has-post-thumbnail","6":"product_cat-ellips-2","7":"product_cat-olejki-i-inne-preparaty-do-pielegnacji-2","8":"product_cat-pielegnacja-wlosow","9":"product_tag-ellips","10":"product_tag-kapsulki","11":"product_tag-olejki","12":"product_tag-witaminy","13":"product_tag-wlosy","15":"first","16":"outofstock","17":"shipping-taxable","18":"purchasable","19":"product-type-simple"},"acf":[],"_links":{"self":[{"href":"https:\/\/bsdistribution.pl\/sklep\/wp-json\/wp\/v2\/product\/1640","targetHints":{"allow":["GET"]}}],"collection":[{"href":"https:\/\/bsdistribution.pl\/sklep\/wp-json\/wp\/v2\/product"}],"about":[{"href":"https:\/\/bsdistribution.pl\/sklep\/wp-json\/wp\/v2\/types\/product"}],"replies":[{"embeddable":true,"href":"https:\/\/bsdistribution.pl\/sklep\/wp-json\/wp\/v2\/comments?post=1640"}],"wp:featuredmedia":[{"embeddable":true,"href":"https:\/\/bsdistribution.pl\/sklep\/wp-json\/wp\/v2\/media\/1642"}],"wp:attachment":[{"href":"https:\/\/bsdistribution.pl\/sklep\/wp-json\/wp\/v2\/media?parent=1640"}],"wp:term":[{"taxonomy":"product_brand","embeddable":true,"href":"https:\/\/bsdistribution.pl\/sklep\/wp-json\/wp\/v2\/product_brand?post=1640"},{"taxonomy":"product_cat","embeddable":true,"href":"https:\/\/bsdistribution.pl\/sklep\/wp-json\/wp\/v2\/product_cat?post=1640"},{"taxonomy":"product_tag","embeddable":true,"href":"https:\/\/bsdistribution.pl\/sklep\/wp-json\/wp\/v2\/product_tag?post=1640"}],"curies":[{"name":"wp","href":"https:\/\/api.w.org\/{rel}","templated":true}]}}