{"id":1637,"date":"2022-06-13T09:39:17","date_gmt":"2022-06-13T07:39:17","guid":{"rendered":"https:\/\/bsdistribution.pl\/sklep\/?post_type=product&#038;p=1637"},"modified":"2023-10-06T08:20:03","modified_gmt":"2023-10-06T06:20:03","slug":"ellips-smooth-silky-pro-kreatin-kaps-50szt","status":"publish","type":"product","link":"https:\/\/bsdistribution.pl\/sklep\/produkt\/ellips-smooth-silky-pro-kreatin-kaps-50szt\/","title":{"rendered":"ELLIPS SMOOTH &amp; SILKY PRO KREATIN KAPS.50SZT"},"content":{"rendered":"","protected":false},"excerpt":{"rendered":"<p><img loading=\"lazy\" decoding=\"async\" class=\"alignnone size-medium wp-image-1624\" src=\"https:\/\/bsdistribution.pl\/sklep\/wp-content\/uploads\/2022\/06\/PRO-KERATIN-SmoothSilky-50-comp-200x300.jpg\" alt=\"\" width=\"200\" height=\"300\" \/><\/p>\n<p>Witaminy do nak\u0142adania na w\u0142osy ELLIPS SMOOTH &amp; SILKY PRO KERATIN z keratyn\u0105, przeznaczone do przywr\u00f3cenia wilgotno\u015bci. Do w\u0142os\u00f3w szczeg\u00f3lnie suchych i pl\u0105cz\u0105cych si\u0119 o \u015bredniej grubo\u015bci i grubych. Nadaj\u0105 g\u0142adko\u015b\u0107. Nadaj\u0105 si\u0119 do w\u0142os\u00f3w kr\u0119conych. Zapewniaj\u0105 ochron\u0119 przed \u0142amaniem w\u0142os\u00f3w, rozdwajaniem ich ko\u0144c\u00f3wek, przed gor\u0105cem (do 220\u00b0C) i promieniowaniem UV. Nie nat\u0142uszczaj\u0105 i nie obci\u0105\u017caj\u0105 w\u0142os\u00f3w.<\/p>\n","protected":false},"featured_media":1639,"comment_status":"open","ping_status":"closed","template":"","meta":{"_acf_changed":false,"_et_pb_use_builder":"","_et_pb_old_content":"","_et_gb_content_width":"","inline_featured_image":false},"product_brand":[],"product_cat":[150,92,17],"product_tag":[149,148,152,146,147],"class_list":{"0":"post-1637","1":"product","2":"type-product","3":"status-publish","4":"has-post-thumbnail","6":"product_cat-ellips-2","7":"product_cat-olejki-i-inne-preparaty-do-pielegnacji-2","8":"product_cat-pielegnacja-wlosow","9":"product_tag-ellips","10":"product_tag-kapsulki","11":"product_tag-olejki","12":"product_tag-witaminy","13":"product_tag-wlosy","15":"first","16":"outofstock","17":"shipping-taxable","18":"purchasable","19":"product-type-simple"},"acf":[],"_links":{"self":[{"href":"https:\/\/bsdistribution.pl\/sklep\/wp-json\/wp\/v2\/product\/1637","targetHints":{"allow":["GET"]}}],"collection":[{"href":"https:\/\/bsdistribution.pl\/sklep\/wp-json\/wp\/v2\/product"}],"about":[{"href":"https:\/\/bsdistribution.pl\/sklep\/wp-json\/wp\/v2\/types\/product"}],"replies":[{"embeddable":true,"href":"https:\/\/bsdistribution.pl\/sklep\/wp-json\/wp\/v2\/comments?post=1637"}],"wp:featuredmedia":[{"embeddable":true,"href":"https:\/\/bsdistribution.pl\/sklep\/wp-json\/wp\/v2\/media\/1639"}],"wp:attachment":[{"href":"https:\/\/bsdistribution.pl\/sklep\/wp-json\/wp\/v2\/media?parent=1637"}],"wp:term":[{"taxonomy":"product_brand","embeddable":true,"href":"https:\/\/bsdistribution.pl\/sklep\/wp-json\/wp\/v2\/product_brand?post=1637"},{"taxonomy":"product_cat","embeddable":true,"href":"https:\/\/bsdistribution.pl\/sklep\/wp-json\/wp\/v2\/product_cat?post=1637"},{"taxonomy":"product_tag","embeddable":true,"href":"https:\/\/bsdistribution.pl\/sklep\/wp-json\/wp\/v2\/product_tag?post=1637"}],"curies":[{"name":"wp","href":"https:\/\/api.w.org\/{rel}","templated":true}]}}