{"id":1631,"date":"2022-06-13T09:29:46","date_gmt":"2022-06-13T07:29:46","guid":{"rendered":"https:\/\/bsdistribution.pl\/sklep\/?post_type=product&#038;p=1631"},"modified":"2023-10-06T08:20:42","modified_gmt":"2023-10-06T06:20:42","slug":"ellips-hair-vitality-kaps-50-szt","status":"publish","type":"product","link":"https:\/\/bsdistribution.pl\/sklep\/produkt\/ellips-hair-vitality-kaps-50-szt\/","title":{"rendered":"ELLIPS HAIR VITALITY KAPS.50 SZT"},"content":{"rendered":"","protected":false},"excerpt":{"rendered":"<p><img loading=\"lazy\" decoding=\"async\" class=\"alignnone  wp-image-1632\" src=\"https:\/\/bsdistribution.pl\/sklep\/wp-content\/uploads\/2022\/06\/ARGAN-OIL-HairVitality-50-comp-200x300.jpg\" alt=\"\" width=\"200\" height=\"300\" \/><\/p>\n<p>Witaminy do nak\u0142adania na w\u0142osy ELLIPS HAIR VITALITY przeznaczone do intensywnego od\u017cywienia.Od\u017cywiaj\u0105 w\u0142osy \u0142amliwe i szorstkie, pomagaj\u0105 przywr\u00f3ci\u0107 im elastyczno\u015b\u0107 i witalno\u015b\u0107. Zapewniaj\u0105 ochron\u0119 przed gor\u0105cem (do 220\u00b0C) i promieniowaniem UV. Nie nat\u0142uszczaj\u0105 i nie obci\u0105\u017caj\u0105 w\u0142os\u00f3w. Nadaj\u0105 si\u0119 do wszystkich typ\u00f3w w\u0142os\u00f3w niesfornych, szorstkich i wypadaj\u0105cych.<\/p>\n","protected":false},"featured_media":1633,"comment_status":"open","ping_status":"closed","template":"","meta":{"_acf_changed":false,"_et_pb_use_builder":"","_et_pb_old_content":"","_et_gb_content_width":"","inline_featured_image":false},"product_brand":[],"product_cat":[150,92,17],"product_tag":[149,148,152,146,147],"class_list":{"0":"post-1631","1":"product","2":"type-product","3":"status-publish","4":"has-post-thumbnail","6":"product_cat-ellips-2","7":"product_cat-olejki-i-inne-preparaty-do-pielegnacji-2","8":"product_cat-pielegnacja-wlosow","9":"product_tag-ellips","10":"product_tag-kapsulki","11":"product_tag-olejki","12":"product_tag-witaminy","13":"product_tag-wlosy","15":"first","16":"outofstock","17":"shipping-taxable","18":"purchasable","19":"product-type-simple"},"acf":[],"_links":{"self":[{"href":"https:\/\/bsdistribution.pl\/sklep\/wp-json\/wp\/v2\/product\/1631","targetHints":{"allow":["GET"]}}],"collection":[{"href":"https:\/\/bsdistribution.pl\/sklep\/wp-json\/wp\/v2\/product"}],"about":[{"href":"https:\/\/bsdistribution.pl\/sklep\/wp-json\/wp\/v2\/types\/product"}],"replies":[{"embeddable":true,"href":"https:\/\/bsdistribution.pl\/sklep\/wp-json\/wp\/v2\/comments?post=1631"}],"wp:featuredmedia":[{"embeddable":true,"href":"https:\/\/bsdistribution.pl\/sklep\/wp-json\/wp\/v2\/media\/1633"}],"wp:attachment":[{"href":"https:\/\/bsdistribution.pl\/sklep\/wp-json\/wp\/v2\/media?parent=1631"}],"wp:term":[{"taxonomy":"product_brand","embeddable":true,"href":"https:\/\/bsdistribution.pl\/sklep\/wp-json\/wp\/v2\/product_brand?post=1631"},{"taxonomy":"product_cat","embeddable":true,"href":"https:\/\/bsdistribution.pl\/sklep\/wp-json\/wp\/v2\/product_cat?post=1631"},{"taxonomy":"product_tag","embeddable":true,"href":"https:\/\/bsdistribution.pl\/sklep\/wp-json\/wp\/v2\/product_tag?post=1631"}],"curies":[{"name":"wp","href":"https:\/\/api.w.org\/{rel}","templated":true}]}}