{"id":1623,"date":"2022-06-13T09:02:02","date_gmt":"2022-06-13T07:02:02","guid":{"rendered":"https:\/\/bsdistribution.pl\/sklep\/?post_type=product&#038;p=1623"},"modified":"2023-10-06T08:20:53","modified_gmt":"2023-10-06T06:20:53","slug":"ellips-smooth-shiny-kapsulki-50-szt","status":"publish","type":"product","link":"https:\/\/bsdistribution.pl\/sklep\/produkt\/ellips-smooth-shiny-kapsulki-50-szt\/","title":{"rendered":"ELLIPS SMOOTH &amp; SHINY KAPS. 50 SZT"},"content":{"rendered":"<p><img loading=\"lazy\" decoding=\"async\" class=\"alignnone size-medium wp-image-1625\" src=\"https:\/\/bsdistribution.pl\/sklep\/wp-content\/uploads\/2022\/06\/ARGAN-OIL-SmoothShine-50-comp-200x300.jpg\" alt=\"\" width=\"200\" height=\"300\" \/><\/p>\n","protected":false},"excerpt":{"rendered":"<p><img loading=\"lazy\" decoding=\"async\" class=\"alignnone size-medium wp-image-1625\" src=\"https:\/\/bsdistribution.pl\/sklep\/wp-content\/uploads\/2022\/06\/ARGAN-OIL-SmoothShine-50-comp-200x300.jpg\" alt=\"\" width=\"200\" height=\"300\" \/><\/p>\n<p>&nbsp;<\/p>\n<p>Witaminy do nak\u0142adania na w\u0142osy ELLIPS SMOOTH &amp;amp; SHINY zwi\u0119kszaj\u0105ce obj\u0119to\u015b\u0107.Do naturalnych, farbowanych lub dojrza\u0142ych, siwych w\u0142os\u00f3w. Nawil\u017caj\u0105, u\u0142atwiaj\u0105 rozczesywanie i redukuj\u0105 elektryzowanie si\u0119. Zapewniaj\u0105 ochron\u0119 przed gor\u0105cem (do 220\u00b0C) i promieniowaniem UV. Nie nat\u0142uszczaj\u0105 i nie obci\u0105\u017caj\u0105 w\u0142os\u00f3w. Nadaj\u0105 si\u0119 do w\u0142os\u00f3w cienkich i o \u015bredniej grubo\u015bci.<\/p>\n","protected":false},"featured_media":1626,"comment_status":"open","ping_status":"closed","template":"","meta":{"_acf_changed":false,"_et_pb_use_builder":"","_et_pb_old_content":"","_et_gb_content_width":"","inline_featured_image":false},"product_brand":[],"product_cat":[150,92,17],"product_tag":[149,148,151],"class_list":{"0":"post-1623","1":"product","2":"type-product","3":"status-publish","4":"has-post-thumbnail","6":"product_cat-ellips-2","7":"product_cat-olejki-i-inne-preparaty-do-pielegnacji-2","8":"product_cat-pielegnacja-wlosow","9":"product_tag-ellips","10":"product_tag-kapsulki","11":"product_tag-shiny","13":"first","14":"outofstock","15":"shipping-taxable","16":"purchasable","17":"product-type-simple"},"acf":[],"_links":{"self":[{"href":"https:\/\/bsdistribution.pl\/sklep\/wp-json\/wp\/v2\/product\/1623","targetHints":{"allow":["GET"]}}],"collection":[{"href":"https:\/\/bsdistribution.pl\/sklep\/wp-json\/wp\/v2\/product"}],"about":[{"href":"https:\/\/bsdistribution.pl\/sklep\/wp-json\/wp\/v2\/types\/product"}],"replies":[{"embeddable":true,"href":"https:\/\/bsdistribution.pl\/sklep\/wp-json\/wp\/v2\/comments?post=1623"}],"wp:featuredmedia":[{"embeddable":true,"href":"https:\/\/bsdistribution.pl\/sklep\/wp-json\/wp\/v2\/media\/1626"}],"wp:attachment":[{"href":"https:\/\/bsdistribution.pl\/sklep\/wp-json\/wp\/v2\/media?parent=1623"}],"wp:term":[{"taxonomy":"product_brand","embeddable":true,"href":"https:\/\/bsdistribution.pl\/sklep\/wp-json\/wp\/v2\/product_brand?post=1623"},{"taxonomy":"product_cat","embeddable":true,"href":"https:\/\/bsdistribution.pl\/sklep\/wp-json\/wp\/v2\/product_cat?post=1623"},{"taxonomy":"product_tag","embeddable":true,"href":"https:\/\/bsdistribution.pl\/sklep\/wp-json\/wp\/v2\/product_tag?post=1623"}],"curies":[{"name":"wp","href":"https:\/\/api.w.org\/{rel}","templated":true}]}}