{"id":663,"date":"2020-04-28T14:08:26","date_gmt":"2020-04-28T12:08:26","guid":{"rendered":"https:\/\/bsdistribution.pl\/sklep\/?page_id=663"},"modified":"2020-04-28T14:11:11","modified_gmt":"2020-04-28T12:11:11","slug":"dostawa-i-platnosc","status":"publish","type":"page","link":"https:\/\/bsdistribution.pl\/sklep\/dostawa-i-platnosc\/","title":{"rendered":"Dostawa i p\u0142atno\u015b\u0107"},"content":{"rendered":"<p>[et_pb_section fb_built=&#8221;1&#8243; admin_label=&#8221;section&#8221; _builder_version=&#8221;3.22&#8243;][et_pb_row admin_label=&#8221;row&#8221; _builder_version=&#8221;3.25&#8243; background_size=&#8221;initial&#8221; background_position=&#8221;top_left&#8221; background_repeat=&#8221;repeat&#8221;][et_pb_column type=&#8221;4_4&#8243; _builder_version=&#8221;3.25&#8243; custom_padding=&#8221;|||&#8221; custom_padding__hover=&#8221;|||&#8221;][et_pb_blurb title=&#8221;Dostawa&#8221; _builder_version=&#8221;4.4.1&#8243; hover_enabled=&#8221;0&#8243;]Do zam\u00f3wie\u0144 o warto\u015bci powy\u017cej 100 z\u0142 oferujemy darmow\u0105 dostaw\u0119 na terenie Polski!<\/p>\n<p>W przypadku, gdy warto\u015b\u0107 zam\u00f3wienia nie przekroczy 100 z\u0142 koszt wysy\u0142ki zam\u00f3wienia wynosi:<\/p>\n<table width=\"728\" height=\"97\">\n<tbody>\n<tr>\n<td style=\"width: 174px; text-align: center;\"><\/td>\n<td style=\"width: 175px; text-align: center;\"><strong>Koszt (przedp\u0142ata)<\/strong><\/td>\n<td style=\"width: 175px; text-align: center;\"><strong>Koszt (za pobraniem)<\/strong><\/td>\n<td style=\"width: 176px; text-align: center;\"><strong>Czas dostawy<\/strong><\/td>\n<\/tr>\n<tr>\n<td style=\"width: 174px; text-align: center;\">InPost<\/td>\n<td style=\"width: 175px; text-align: center;\">11,99 z\u0142<\/td>\n<td style=\"width: 175px; text-align: center;\">14,99 z\u0142<\/td>\n<td style=\"width: 176px; text-align: center;\">do 7 dni<\/td>\n<\/tr>\n<tr>\n<td style=\"width: 174px; text-align: center;\">Kurier DPD<\/td>\n<td style=\"width: 175px; text-align: center;\">15,99 z\u0142<\/td>\n<td style=\"width: 175px; text-align: center;\">19,99 z\u0142<\/td>\n<td style=\"width: 176px; text-align: center;\">do 7 dni<\/td>\n<\/tr>\n<\/tbody>\n<\/table>\n<p>&nbsp;<\/p>\n<p>Przewo\u017anik zapewnia dor\u0119czenie przesy\u0142ki od poniedzia\u0142ki do pi\u0105tku w godzinach 9-17<\/p>\n<p>Czas realizacji zam\u00f3wienia podany w tabeli powy\u017cej.<\/p>\n<p>Po przygotowaniu paczki do wys\u0142ania poinformujemy e-mailowo o jej numerze oraz umo\u017cliwimy \u015bledzenie jej statusu.<\/p>\n<p>By monitorowa\u0107 paczk\u0119 online nale\u017cy klikn\u0105\u0107 w przes\u0142any link do \u015bledzenia paczki, skopiowa\u0107 numer paczki przes\u0142any w mailu potwierdzaj\u0105cym wysy\u0142k\u0119 i wklei\u0107 go w odpowiednie w pole wy\u015bwietlonej witryny (je\u015bli dany przewo\u017anik umo\u017cliwia tak\u0105 opcj\u0119).<\/p>\n<p>W przypadku nie zastania nikogo upowa\u017cnionego do odbioru paczki kurier winien pozostawi\u0107 awizo oraz ponowi\u0107 pr\u00f3b\u0119 dor\u0119czenia nast\u0119pnego dnia roboczego. [\/et_pb_blurb][et_pb_blurb title=&#8221;P\u0142atno\u015bci&#8221; _builder_version=&#8221;4.4.1&#8243; hover_enabled=&#8221;0&#8243;]<\/p>\n<p>Mo\u017cliwe sposoby p\u0142atno\u015bci:<\/p>\n<p> <strong>1. P\u0142atno\u015b\u0107 przy odbiorze:<\/strong><br \/> P\u0142acisz za zakupy podczas odbioru przesy\u0142ki. Wysy\u0142ka natychmiast po skompletowaniu zakup\u00f3w. Mo\u017cliwe jest op\u0142acenie produktu przy odbiorze zam\u00f3wieni przypadku wysy\u0142ki &#8211; kurierowi.<\/p>\n<p><strong>2. P\u0142atno\u015bci przez Internet:<\/strong><br \/> Szybki przelew lub p\u0142atno\u015b\u0107 kart\u0105 kredytow\u0105. Bezpiecze\u0144stwo transakcji zapewnia PayNow Sp. z o.o. &#8211; zintegrowany z wi\u0119kszo\u015bci\u0105 us\u0142ug bankowo\u015bci elektronicznej zapewnianych przez polskie banki. PayNow obs\u0142uguje r\u00f3wnie\u017c p\u0142atno\u015bci dokonywane przez karty p\u0142atnicze (Visa, Visa Electron, MasterCard, Maestro, Blik).<\/p>\n<p><strong>3. P\u0142atno\u015b\u0107 przelewem tradycyjnym:<\/strong><br \/> Mo\u017cliwe jest op\u0142acenie zam\u00f3wienia zwyk\u0142ym przelewem z g\u00f3ry.<br \/> Dane do przelewu:<\/p>\n<p>Numer Konta: 82 1140 2004 0000 3102 7531 5587<br \/> BestSellers Distribiuton Sp. z o.o.<br \/> ul.Franciszka Klimczaka 1, 02-797 Warszawa<\/p>\n<p>Wszystkie metody p\u0142atno\u015bci s\u0105 bezpieczne, natomiast dane kontaktowe i informacje o p\u0142atno\u015bciach klient\u00f3w s\u0105 zaszyfrowane i zabezpieczone.<\/p>\n<p>Autoryzacja p\u0142atno\u015bci odbywa si\u0119 natychmiastowo, tu\u017c po wprowadzeniu danych na platformie p\u0142atniczej i ich zatwierdzeniu.<\/p>\n<p>[\/et_pb_blurb][et_pb_blurb title=&#8221;Zwroty&#8221; _builder_version=&#8221;4.4.1&#8243; hover_enabled=&#8221;0&#8243;]<\/p>\n<p>Warunki dokonania zwrotu opisane zosta\u0142y w <a href=\"\/sklep\/regulamin-sklepu-internetowego\/\">regulaminie.<\/a><\/p>\n<p>Z zakupionego towaru maj\u0105 Pa\u0144stwo prawo zrezygnowa\u0107 w ci\u0105gu 14 dni od daty otrzymania przesy\u0142ki (bez podania przyczyny).<br \/> W przypadku skorzystania z tego uprawnienia Kupuj\u0105cy zobowi\u0105zany jest do z\u0142o\u017cenia pisemnego o\u015bwiadczenia o odst\u0105pieniu od umowy i przes\u0142anie dostarczonego produktu na adres sklepu.<\/p>\n<p>Formularz odst\u0105pienia od umowy<\/p>\n<p>Odpowiednio zabezpieczon\u0105 paczk\u0119 nale\u017cy odes\u0142a\u0107 na adres:<br \/> Bestsellers Distribution Sp. z o.o.<br \/> Total MAG<br \/> Ul. Jagiello\u0144ska 88, 00-992 Warszawa<\/p>\n<p>[\/et_pb_blurb][\/et_pb_column][\/et_pb_row][\/et_pb_section]<\/p>\n","protected":false},"excerpt":{"rendered":"<p>Do zam\u00f3wie\u0144 o warto\u015bci powy\u017cej 100 z\u0142 oferujemy darmow\u0105 dostaw\u0119 na terenie Polski! W przypadku, gdy warto\u015b\u0107 zam\u00f3wienia nie przekroczy 100 z\u0142 koszt wysy\u0142ki zam\u00f3wienia wynosi: Koszt (przedp\u0142ata) Koszt (za pobraniem) Czas dostawy InPost 11,99 z\u0142 14,99 z\u0142 do 7 dni Kurier DPD 15,99 z\u0142 19,99 z\u0142 do 7 dni &nbsp; Przewo\u017anik zapewnia dor\u0119czenie przesy\u0142ki [&hellip;]<\/p>\n","protected":false},"author":2,"featured_media":0,"parent":0,"menu_order":0,"comment_status":"closed","ping_status":"closed","template":"","meta":{"_acf_changed":false,"_et_pb_use_builder":"on","_et_pb_old_content":"","_et_gb_content_width":"","inline_featured_image":false,"footnotes":""},"class_list":["post-663","page","type-page","status-publish","hentry"],"acf":[],"_links":{"self":[{"href":"https:\/\/bsdistribution.pl\/sklep\/wp-json\/wp\/v2\/pages\/663","targetHints":{"allow":["GET"]}}],"collection":[{"href":"https:\/\/bsdistribution.pl\/sklep\/wp-json\/wp\/v2\/pages"}],"about":[{"href":"https:\/\/bsdistribution.pl\/sklep\/wp-json\/wp\/v2\/types\/page"}],"author":[{"embeddable":true,"href":"https:\/\/bsdistribution.pl\/sklep\/wp-json\/wp\/v2\/users\/2"}],"replies":[{"embeddable":true,"href":"https:\/\/bsdistribution.pl\/sklep\/wp-json\/wp\/v2\/comments?post=663"}],"version-history":[{"count":4,"href":"https:\/\/bsdistribution.pl\/sklep\/wp-json\/wp\/v2\/pages\/663\/revisions"}],"predecessor-version":[{"id":685,"href":"https:\/\/bsdistribution.pl\/sklep\/wp-json\/wp\/v2\/pages\/663\/revisions\/685"}],"wp:attachment":[{"href":"https:\/\/bsdistribution.pl\/sklep\/wp-json\/wp\/v2\/media?parent=663"}],"curies":[{"name":"wp","href":"https:\/\/api.w.org\/{rel}","templated":true}]}}