{"id":3,"date":"2020-04-22T11:43:46","date_gmt":"2020-04-22T09:43:46","guid":{"rendered":"https:\/\/bsdistribution.pl\/sklep\/?page_id=3"},"modified":"2020-04-28T17:30:32","modified_gmt":"2020-04-28T15:30:32","slug":"polityka-prywatnosci","status":"publish","type":"page","link":"https:\/\/bsdistribution.pl\/sklep\/polityka-prywatnosci\/","title":{"rendered":"Polityka prywatno\u015bci"},"content":{"rendered":"<p>[et_pb_section fb_built=&#8221;1&#8243; admin_label=&#8221;section&#8221; _builder_version=&#8221;3.22&#8243;][et_pb_row column_structure=&#8221;1_2,1_2&#8243; admin_label=&#8221;row&#8221; _builder_version=&#8221;3.25&#8243; background_size=&#8221;initial&#8221; background_position=&#8221;top_left&#8221; background_repeat=&#8221;repeat&#8221;][et_pb_column type=&#8221;1_2&#8243; _builder_version=&#8221;3.25&#8243; custom_padding=&#8221;|||&#8221; custom_padding__hover=&#8221;|||&#8221;][et_pb_post_title meta=&#8221;off&#8221; featured_image=&#8221;off&#8221; _builder_version=&#8221;4.4.1&#8243;][\/et_pb_post_title][\/et_pb_column][et_pb_column type=&#8221;1_2&#8243; _builder_version=&#8221;3.25&#8243; custom_padding=&#8221;|||&#8221; custom_padding__hover=&#8221;|||&#8221;][\/et_pb_column][\/et_pb_row][et_pb_row admin_label=&#8221;row&#8221; _builder_version=&#8221;3.25&#8243; background_size=&#8221;initial&#8221; background_position=&#8221;top_left&#8221; background_repeat=&#8221;repeat&#8221;][et_pb_column type=&#8221;4_4&#8243; _builder_version=&#8221;3.25&#8243; custom_padding=&#8221;|||&#8221; custom_padding__hover=&#8221;|||&#8221;][et_pb_text admin_label=&#8221;Text&#8221; _builder_version=&#8221;4.4.1&#8243; background_size=&#8221;initial&#8221; background_position=&#8221;top_left&#8221; background_repeat=&#8221;repeat&#8221; hover_enabled=&#8221;0&#8243;]<\/p>\n<p>Informacje o Ochronie Danych Osobowych i obowi\u0105zek informacyjny znajduj\u0105 si\u0119 pod adresem: https:\/\/bsd.com.pl\/<\/p>\n<p><strong>POSTANOWIENIA OG\u00d3LNE<\/strong><br \/> Niniejsze postanowienia Polityki Prywatno\u015bci dotycz\u0105 ustalenia zasad przetwarzania danych osobowych, w szczeg\u00f3lno\u015bci gromadzenia, przechowywania oraz wykorzystywania danych osobowych u\u017cytkownik\u00f3w serwisu www.bsd.com.pl, zwanych dalej \u201eU\u017cytkownikami\u201d. Polityka Prywatno\u015bci swoim zakresem obejmuje dane przekazywane bezpo\u015brednio przez U\u017cytkownika.<br \/> Administratorem danych osobowych jest BestSellers Distribiuton Sp. z o.o. ul. Franciszka Klimczaka 1, 02-797 Warszawa wpisan\u0105 do Krajowego Rejestru S\u0105dowego prowadzonego przez S\u0105d Rejonowy dla m.st. Warszawy w Warszawie, XIII Wydzia\u0142 Gospodarczy Krajowego Rejestru S\u0105dowego, pod numerem KRS 523545, NIP: 9512383434 \u201eAdministratorem\u201d.<br \/> W przypadku pyta\u0144 dotycz\u0105cych przetwarzania danych osobowych oraz przys\u0142uguj\u0105cych w tym zakresie praw u\u017cytkownik mo\u017ce kontaktowa\u0107 si\u0119 z nami drog\u0105 mailow\u0105 na adres:biuro@bsd.com.pl<br \/> Administrator zbieraj\u0105c i przetwarzaj\u0105c dane osobowe stosuje si\u0119 do wszystkich poni\u017cszych zasad przetwarzania danych oraz spe\u0142nia, co najmniej jeden z warunk\u00f3w przetwarzania danych osobowych (6&#215;6).<\/p>\n<p><strong>1.1. Zasady dotycz\u0105ce przetwarzania danych osobowych:<\/strong><br \/> 1. zgodno\u015b\u0107 z prawem, rzetelno\u015b\u0107 i przejrzysto\u015b\u0107,<br \/> 2. ograniczenie celu,<br \/> 3. minimalizacja danych,<br \/> 4. prawid\u0142owo\u015b\u0107,<br \/> 5. ograniczenie przechowywania,<br \/> 6. integralno\u015b\u0107 i poufno\u015b\u0107.<br \/> <strong>1.2. Warunki zgodnego z prawem przetwarzania danych osobowych:<\/strong><br \/> 1. osoba, kt\u00f3rej dane dotycz\u0105 wyrazi\u0142a zgod\u0119 na przetwarzanie swoich danych osobowych w jednym lub wi\u0119kszej liczbie okre\u015blonych cel\u00f3w,<br \/> 2. przetwarzanie jest niezb\u0119dne do wykonania umowy, kt\u00f3rej stron\u0105 jest osoba, kt\u00f3rej dane dotycz\u0105, lub do podj\u0119cia dzia\u0142a\u0144 na \u017c\u0105danie osoby, kt\u00f3rej dane dotycz\u0105, przed zawarciem umowy,<br \/> 3. przetwarzanie jest niezb\u0119dne do wype\u0142nienia obowi\u0105zku prawnego ci\u0105\u017c\u0105cego na administratorze,<br \/> 4. przetwarzanie jest niezb\u0119dne do ochrony \u017cywotnych interes\u00f3w osoby, kt\u00f3rej dane dotycz\u0105, lub innej osoby fizycznej,<br \/> 5. przetwarzanie jest niezb\u0119dne do wykonania zadania realizowanego w interesie publicznym lub w ramach sprawowania w\u0142adzy publicznej powierzonej administratorowi,<br \/> 6. przetwarzanie jest niezb\u0119dne do cel\u00f3w wynikaj\u0105cych z prawnie uzasadnionych interes\u00f3w realizowanych przez administratora lub przez stron\u0119 trzeci\u0105, z wyj\u0105tkiem sytuacji, w kt\u00f3rych nadrz\u0119dny charakter wobec tych interes\u00f3w maj\u0105 interesy lub podstawowe prawa i wolno\u015bci osoby, kt\u00f3rej dane dotycz\u0105, wymagaj\u0105ce ochrony danych osobowych, w szczeg\u00f3lno\u015bci, gdy osoba, kt\u00f3rej dane dotycz\u0105, jest dzieckiem.<br \/> Podczas przegl\u0105dania naszego serwisu, stosownie do konfiguracji przegl\u0105darki, na komputerze u\u017cytkownika (urz\u0105dzeniu ko\u0144cowym) mo\u017ce zosta\u0107 zapisany jeden lub wiele plik\u00f3w cookie.<br \/> Pliki cookie mog\u0105 by\u0107 zamieszczane przez Administratora jak i podmioty trzecie, z kt\u00f3rymi Administrator wsp\u00f3\u0142pracuje. Prosimy o zapoznanie si\u0119 z poni\u017cszymi informacjami na temat plik\u00f3w cookie oraz sposobu ich wykorzystywania.<\/p>\n<p><strong>Jakie dane o Tobie zbieramy?<\/strong><br \/> <strong>Dane zbierane podczas rejestracji<\/strong><br \/> Aby\u015b m\u00f3g\u0142 skorzysta\u0107 z niekt\u00f3rych funkcjonalno\u015bci oferowanych przez serwis b\u0119dziesz musia\u0142 si\u0119 zarejestrowa\u0107. Podczas rejestracji zapytamy Ci\u0119 o login i has\u0142o jakiego b\u0119dziesz u\u017cywa\u0142 na naszej witrynie. Zostaniesz poproszony r\u00f3wnie\u017c o wyra\u017cenie zgody na przetwarzanie Twoich danych osobowych przez Administrators<\/p>\n<p><strong>Dane zbierane automatycznie<\/strong><br \/> Podczas Twojej wizyty na naszej stronie internetowej, automatycznie zbierane s\u0105 dane dotycz\u0105ce Twojej wizyty, w szczeg\u00f3lno\u015bci Tw\u00f3j adres IP, nazwa domeny, typ przegl\u0105darki, typ systemu operacyjnego. Wi\u0119cej informacji w cz\u0119\u015bci po\u015bwi\u0119conej tzw. plikom cookies.<br \/> Kto jest administratorem i jak skontaktowa\u0107 si\u0119 z Inspektorem Ochrony Danych<br \/> Administratorem Twoich danych osobowych jest Bestsellers Distribution Sp. Z.o.o<\/p>\n<p><strong>W jakim celu i na jakiej podstawie b\u0119d\u0105 przetwarzane dane<\/strong><br \/> Twoje dane osobowe pozyskane w zwi\u0105zku z korzystaniem z serwisu Administratora b\u0119d\u0105 przetwarzane w nast\u0119puj\u0105cych celach:<br \/> 1. obs\u0142ugi Twoich zam\u00f3wie\u0144<br \/> 2. zebrania opinii o naszych produktach i us\u0142ugach, za po\u015brednictwem takich podmiot\u00f3w jak Opineo i Ceneo<br \/> 3. dochodzenia ewentualnych roszcze\u0144 i odszkodowa\u0144<br \/> 4. prowadzenia dzia\u0142a\u0144 marketingowych<br \/> 5. sprzeda\u017cy produkt\u00f3w i us\u0142ug<br \/> 6. zwi\u0105zanych z prowadzon\u0105 dzia\u0142alno\u015bci\u0105 gospodarcz\u0105, w tym na potrzeby prowadzenia analiz i statystyk<br \/> 7. udzielania odpowiedzi na pisma i wnioski oraz udzielanie odpowiedzi w tocz\u0105cych si\u0119 post\u0119powaniach<br \/> 8. prowadzenia dzia\u0142a\u0144 zwi\u0105zanych z zapewnieniem bezpiecze\u0144stwa<br \/> 9. archiwizacji<br \/> 10. spe\u0142niania obowi\u0105zku prawnego ci\u0105\u017c\u0105cego na Administratorze<\/p>\n<p>Podstawa prawna przetwarzania Twoich danych to:<br \/> 1. udzielona zgoda, w tym wyra\u017cenie ch\u0119ci uczestnictwa w programie dla sta\u0142ych klient\u00f3w<br \/> 2. niezb\u0119dno\u015b\u0107 do wykonania umowy lub do podj\u0119cia dzia\u0142a\u0144 na Twoje \u017c\u0105danie przed zawarciem umowy<br \/> 3. niezb\u0119dno\u015b\u0107 do wype\u0142nienia obowi\u0105zku prawnego ci\u0105\u017c\u0105cego na Administratorze<br \/> 4. niezb\u0119dno\u015b\u0107 do cel\u00f3w wynikaj\u0105cych z prawnie uzasadnionych interes\u00f3w realizowanych przez Administratora np. takich jak udzielania odpowiedzi na Twoje pisma i wnioski<br \/> Kto b\u0119dzie odbiorc\u0105 Twoich danych i gdzie b\u0119d\u0105 one przekazywane<br \/> Twoje dane osobowe nie b\u0119d\u0105 przekazywane do pa\u0144stw trzecich lub organizacji mi\u0119dzynarodowych.<br \/> Twoje dane mog\u0105 by\u0107 przekazane do pa\u0144stwa trzeciego (np. USA) w zwi\u0105zku z prowadzonymi dzia\u0142aniami na Facebooku, czyli w zwi\u0105zku wykorzystywaniem narz\u0119dzi, w szczeg\u00f3lno\u015bci takich jak Google Analytics.<br \/> Twoje dane mog\u0105 by\u0107 przekazywane nast\u0119puj\u0105cym podmiotom:<br \/> 1. procesorom w zwi\u0105zku ze zleconymi przez Administratora dzia\u0142aniami,<br \/> 2. firmom kurierskim, kt\u00f3re b\u0119d\u0105 dostarcza\u0107 do Ciebie zamawiane przez Ciebie produkty,<br \/> 3. kancelariom prawnym, kt\u00f3rym Administrator. zleci\u0142 np. prowadzenie post\u0119powania s\u0105dowych w zwi\u0105zku z nie wykonaniem przez Ciebie umowy,<br \/> 4. podmiotom wsp\u00f3\u0142pracuj\u0105cym z Administratorem<br \/> 5. w przypadku p\u0142atno\u015bci przez system Paynow dane mog\u0105 zosta\u0107 przekazane na rzecz PayNow<br \/> 6. podmiotom lub organom uprawnionym na podstawie przepis\u00f3w prawa.<\/p>\n<p><strong>Jak d\u0142ugo b\u0119d\u0105 przetwarzane Twoje dane osobowe<\/strong><br \/> Okres przetwarzania Twoich danych osobowych jest uzale\u017cniony od celu, w jakim dane s\u0105 przetwarzane. Okres, przez kt\u00f3ry Twoje dane osobowe b\u0119d\u0105 przechowywane jest obliczany w oparciu o nast\u0119puj\u0105ce kryteria:<br \/> 1. przepisy prawa, kt\u00f3re mog\u0105 obligowa\u0107 Administratora do przetwarzania danych przez okre\u015blony czas, np. 5 lat od ko\u0144ca roku kalendarzowego, w kt\u00f3rym dokona\u0142e\u015b ostatniego zakupy, przez kt\u00f3ry to okres zobowi\u0105zani jeste\u015bmy do przechowywania dokument\u00f3w ksi\u0119gowych potwierdzaj\u0105cych dokonane przez Ciebie zakupami, na podstawie Ustawy o Rachunkowo\u015bci a tak\u017ce przepis\u00f3w Ustawy Ordynacja Podatkowa,<br \/> 2. obs\u0142ugi utworzonego konta<br \/> 3. okres, kt\u00f3ry jest niezb\u0119dny do obrony Administratora\u2013 6 lat przys\u0142uguje Pa\u0144stwu na zg\u0142aszanie roszcze\u0144 na podstawie przepis\u00f3w Kodeksu cywilnego ,<br \/> 4. okres na jaki zosta\u0142a udzielona zgoda<\/p>\n<p><strong>Jakie masz prawa?<\/strong><br \/> Posiadasz prawo do:<br \/> 1. \u017c\u0105dania dost\u0119pu do danych osobowych dotycz\u0105cych Twojej osoby<br \/> 2. sprostowania danych,<br \/> 3. \u017c\u0105dania uzupe\u0142nienia niekompletnych danych osobowych, w tym poprzez przedstawienie dodatkowego o\u015bwiadczenia,<br \/> 4. usuni\u0119cia danych lub ograniczenia przetwarzania<br \/> 5. wniesienia sprzeciwu wobec dalszego przetwarzania Twoich danych osobowych<br \/> 6. przeniesienia Twoich danych osobowych<br \/> Masz prawo do cofni\u0119cia wyra\u017conej zgody w dowolnym momencie. Wycofanie zgody nie ma wp\u0142ywu na zgodno\u015b\u0107 z prawem przetwarzania Twoich danych, kt\u00f3rego dokonano na podstawie udzielonej zgody przed jej cofni\u0119ciem.<br \/> Przetwarzaj\u0105c Twoje dane, kt\u00f3re s\u0105 zbierane za pomoc\u0105 cookies Administrator w wi\u0119kszo\u015bci przypadk\u00f3w nie jest w stanie zidentyfikowa\u0107 Twojej osoby. Zatem je\u015bli chcia\u0142by\u015b skorzysta\u0107 z przys\u0142uguj\u0105cych Tobie praw, b\u0119dziesz poproszony o dostarczenie dodatkowych informacji w celu zidentyfikowania Ciebie.<br \/> W przypadku w\u0105tpliwo\u015bci, co do prawid\u0142owo\u015bci przetwarzania Twoich danych osobowych przez Administratora, masz prawo wniesienia skargi do organu nadzorczego.<\/p>\n<p><strong>Jakie b\u0119d\u0105 konsekwencje nie podania danych<\/strong><br \/> Podanie przez Ciebie danych jest dobrowolne lub mo\u017ce by\u0107 warunkiem koniecznym do zawarcia umowy (np. dokonania przez Ciebie zakupu produkt\u00f3w znajduj\u0105cych si\u0119 w naszej ofercie), bez ich podania umowa nie mo\u017ce zosta\u0107 zawarta.<\/p>\n<p><strong>W jaki spos\u00f3b profilujemy<\/strong><br \/> Administrator. korzysta z system\u00f3w s\u0142u\u017c\u0105cych do zautomatyzowanego podejmowania decyzji. Nast\u0119puj\u0105ce decyzje s\u0105 podejmowane w spos\u00f3b zautomatyzowany:<br \/> 1. profilowanie wykonywane jest w oparciu o posiadane dane, w szczeg\u00f3lno\u015bci takie jak: dane dotycz\u0105ce \u015bwiadczonych us\u0142ug, informacje pozyskane na pomoc\u0105 tzw. plik\u00f3w cookies, w tym dane transmisyjne, dane o lokalizacji.<br \/> 2. Profilowanie ma wp\u0142yw na informacje marketingowe oraz oferty, jakie b\u0119dziesz otrzymywa\u0107 (oferta dopasowana do Twoich potrzeb)<\/p>\n<p><strong>W jaki spos\u00f3b uzyska\u0107 informacj\u0119 o przetwarzaniu danych?<\/strong><br \/> Wszelk\u0105 korespondencj\u0119 w sprawach zwi\u0105zanych z przetwarzaniem Twoich danych osobowych kieruj na adres Administratora z dopiskiem &#8222;Dane osobowe&#8221; lub na skrzynk\u0119 <a href=\"mailto:biuro@bsd.com.pl\">biuro@bsd.com.pl<\/a><\/p>\n<p><strong>Wykorzystywanie \u201ecookies\u201d<\/strong><br \/> Nasza strona internetowa wykorzystuje pliki \u201ecookies\u201d, kt\u00f3re s\u0142u\u017c\u0105 identyfikacji Twojej przegl\u0105darki podczas korzystania z naszej strony. Pliki \u201ecookies\u201d nie zawieraj\u0105 niewielkie ilo\u015bci tekstu mo\u017cliwe do odczytania tylko przez stron\u0119 , kt\u00f3ra je wysy\u0142a. Dzi\u0119ki zebranym informacjom mo\u017cemy uzyska\u0107 informacje o tym, jak cz\u0119sto odwiedzasz nasz serwis i kt\u00f3re jego elementy Ci\u0119 najbardziej interesuj\u0105. Uzyskane dane wykorzystujemy dla lepszego dostosowania go Twoich potrzeb, u\u0142atwienia Tobie funkcjonowania serwisu oraz w celach statystycznych i reklamowych. Pliki te nie mog\u0105 by\u0107 wykorzystane do infekowania urz\u0105dzenia wirusami lub innym z\u0142o\u015bliwym oprogramowaniem (malware).<\/p>\n<p>Ka\u017cdy indywidualny Cookie sk\u0142ada si\u0119 z czterech podstawowych cz\u0119\u015bci:<br \/> 1. Nazwa strony WWW: nazwa domeny lub subdomeny, kt\u00f3ra ustawi\u0142a cookie,<br \/> 2. Nazwa Cookie: cookie ma nazw\u0119, kt\u00f3ra jest unikalna na stronie, kt\u00f3ra je ustawi\u0142a.<br \/> 3. Termin wa\u017cno\u015bci: Wa\u017cno\u015b\u0107 niekt\u00f3rych plik\u00f3w cookie wygasa po zamkni\u0119ciu przegl\u0105darki (tzw. cookie sesji), inne cookie zostan\u0105 automatycznie usuni\u0119te dopiero po osi\u0105gni\u0119ciu daty wa\u017cno\u015bci, kt\u00f3ra zosta\u0142a ustawiona (tzw. trwa\u0142e cookie).<br \/> 4. Warto\u015b\u0107: to informacje w pliku cookie, kt\u00f3r\u0105 strona WWW u\u017cywa do &#8222;zapami\u0119tania&#8221; poprzedniej wizyty.<br \/> W plikach cookie przechowujemy podstawowe informacje o u\u017cytkownikach (np. identyfikator) oraz informacje potrzebne dla optymalizacji i poprawnego wy\u015bwietlania tre\u015bci zawartych na stronach. Informacje te s\u0142u\u017c\u0105 do:<br \/> Rozpoznawania u\u017cytkownik\u00f3w loguj\u0105cych si\u0119 na chronionych stronach internetowych, co umo\u017cliwia im odwiedzanie wielu stron bez konieczno\u015bci wpisywania nazwy u\u017cytkownika i has\u0142a do ka\u017cdej ze stron;<br \/> Rejestrowania preferencji u\u017cytkownik\u00f3w &#8211; przegl\u0105danej zawarto\u015bci i formatu przegl\u0105dania (u\u017cytkownik nie musi ustawia\u0107 preferencji przy ka\u017cdej wizycie na stronie);<br \/> Rejestrowania stron odwiedzanych przez u\u017cytkownik\u00f3w, co pozwala zebra\u0107 dane pomocne dla usprawnie\u0144 wprowadzanych w tre\u015bci i w sposobie nawigacji strony.<br \/> U\u017cytkownicy naszego serwisu mog\u0105 w dowolnej chwili zaprzesta\u0107 dostarczania tych informacji naszemu serwisowi poprzez wykasowanie plik\u00f3w cookie zapisanych na ich urz\u0105dzeniach ko\u0144cowych przez nasz serwis. Aby tego dokona\u0107 nale\u017cy zmieni\u0107 ustawienia aktualnie u\u017cywanej przegl\u0105darki internetowej.<\/p>\n<p>Masz prawo do odmowy zapisywania i odczytywania plik\u00f3w \u201ecookies\u201d na Twojego urz\u0105dzenia (komputera, laptopa, telefonu). Aby to zrobi\u0107 musisz zaznaczy\u0107 odpowiednie ustawienia w opcjach przegl\u0105darki internetowej, lub nie wyrazi\u0107 zgody w przypadku, gdy aplikacja zawarta na serwisie internetowym b\u0119dzie si\u0119 Ciebie o to pyta\u0107.<br \/> Skonfigurowanie przegl\u0105darki w spos\u00f3b, kt\u00f3ry zablokuje instalacj\u0119 plik\u00f3w cookie dla okre\u015blonych, wybranych przez u\u017cytkownika stron internetowych lub dla wszystkich stron, mog\u0105 spowodowa\u0107 utrat\u0119 pewnych funkcjonalno\u015bci, kt\u00f3re wymagaj\u0105 instalacji plik\u00f3w cookie. Zgodnie z wymogami Prawa Telekomunikacyjnego i RODO za potwierdzenie zgody na wykorzystanie plik\u00f3w cookie uznaje si\u0119 skonfigurowanie przegl\u0105darki pozwalaj\u0105ce na instalacj\u0119 plik\u00f3w cookie na komputerze (patrz linki powy\u017cej). Informacje na temat zarz\u0105dzania plikami cookie mo\u017cna znale\u017a\u0107 na stronie (http:\/\/www.allaboutcookies.org\/manage-cookies\/) lub (http:\/\/wszystkoociasteczkach.pl\/).<\/p>\n<p><strong>W jaki spos\u00f3b zabezpieczamy Twoje dane osobowe?<\/strong><br \/> Komunikacja mi\u0119dzy Twoim komputerem a naszym serwerem, gdy zbieramy Twoje dane osobowe, jest zaszyfrowana z u\u017cyciem protoko\u0142u SSL (Secure Socket Layer). Dodatkowo nasze bazy danych zabezpieczone s\u0105 przed wgl\u0105dem os\u00f3b trzecich.<\/p>\n<p><strong>Zmiany naszej polityki prywatno\u015bci<\/strong><br \/> Zastrzegamy sobie prawo zmiany powy\u017cszej polityki prywatno\u015bci poprzez opublikowanie nowej polityki prywatno\u015bci na naszej stronie internetowej. Po dokonaniu zmiany Polityka Prywatno\u015bci uka\u017ce si\u0119 na stronie z now\u0105 dat\u0105.<\/p>\n<p>Warszawa, dn. 20.04.2020<\/p>\n<p>[\/et_pb_text][\/et_pb_column][\/et_pb_row][\/et_pb_section]<\/p>\n","protected":false},"excerpt":{"rendered":"<p>Informacje o Ochronie Danych Osobowych i obowi\u0105zek informacyjny znajduj\u0105 si\u0119 pod adresem: https:\/\/bsd.com.pl\/ POSTANOWIENIA OG\u00d3LNE Niniejsze postanowienia Polityki Prywatno\u015bci dotycz\u0105 ustalenia zasad przetwarzania danych osobowych, w szczeg\u00f3lno\u015bci gromadzenia, przechowywania oraz wykorzystywania danych osobowych u\u017cytkownik\u00f3w serwisu www.bsd.com.pl, zwanych dalej \u201eU\u017cytkownikami\u201d. Polityka Prywatno\u015bci swoim zakresem obejmuje dane przekazywane bezpo\u015brednio przez U\u017cytkownika. Administratorem danych osobowych jest BestSellers Distribiuton [&hellip;]<\/p>\n","protected":false},"author":1,"featured_media":0,"parent":0,"menu_order":0,"comment_status":"closed","ping_status":"open","template":"","meta":{"_acf_changed":false,"_et_pb_use_builder":"on","_et_pb_old_content":"<!-- wp:heading -->\n<h2>Kim jeste\u015bmy<\/h2>\n<!-- \/wp:heading -->\n\n<!-- wp:paragraph -->\n<p>Adres naszej strony internetowej to: https:\/\/bsdistribution.pl\/sklep.<\/p>\n<!-- \/wp:paragraph -->\n\n<!-- wp:heading -->\n<h2>Jakie dane osobiste zbieramy i dlaczego je zbieramy<\/h2>\n<!-- \/wp:heading -->\n\n<!-- wp:heading {\"level\":3} -->\n<h3>Komentarze<\/h3>\n<!-- \/wp:heading -->\n\n<!-- wp:paragraph -->\n<p>Kiedy odwiedzaj\u0105cy witryn\u0119 zostawia komentarz, zbieramy dane widoczne w formularzu komentowania, jak i adres IP odwiedzaj\u0105cego oraz podpis jego przegl\u0105darki jako pomoc przy wykrywaniu spamu.<\/p>\n<!-- \/wp:paragraph -->\n\n<!-- wp:paragraph -->\n<p>Zanonimizowany ci\u0105g znak\u00f3w stworzony na podstawie twojego adresu email (tak zwany hash) mo\u017ce zosta\u0107 przes\u0142any do us\u0142ugi Gravatar w celu sprawdzenia czy jej u\u017cywasz. Polityka prywatno\u015bci us\u0142ugi Gravatar jest dost\u0119pna tutaj: https:\/\/automattic.com\/privacy\/. Po zatwierdzeniu komentarza tw\u00f3j obrazek profilowy jest widoczny publicznie w kontek\u015bcie twojego komentarza.<\/p>\n<!-- \/wp:paragraph -->\n\n<!-- wp:heading {\"level\":3} -->\n<h3>Media<\/h3>\n<!-- \/wp:heading -->\n\n<!-- wp:paragraph -->\n<p>Je\u015bli jeste\u015b zarejestrowanym u\u017cytkownikiem i wgrywasz na witryn\u0119 obrazki, powiniene\u015b unika\u0107 przesy\u0142ania obrazk\u00f3w z tagami EXIF lokalizacji. Odwiedzaj\u0105cy stron\u0119 mog\u0105 pobra\u0107 i odczyta\u0107 pe\u0142ne dane lokalizacyjne z obrazk\u00f3w w witrynie.<\/p>\n<!-- \/wp:paragraph -->\n\n<!-- wp:heading {\"level\":3} -->\n<h3>Formularze kontaktowe<\/h3>\n<!-- \/wp:heading -->\n\n<!-- wp:heading {\"level\":3} -->\n<h3>Ciasteczka<\/h3>\n<!-- \/wp:heading -->\n\n<!-- wp:paragraph -->\n<p>Je\u015bli zostawisz na naszej witrynie komentarz, b\u0119dziesz m\u00f3g\u0142 wybra\u0107 opcj\u0119 zapisu twojej nazwy, adresu email i adresu strony internetowej w ciasteczkach, dzi\u0119ki kt\u00f3rym podczas pisania kolejnych komentarzy powy\u017csze informacje b\u0119d\u0105 ju\u017c dogodnie uzupe\u0142nione. Te ciasteczka wygasaj\u0105 po roku.<\/p>\n<!-- \/wp:paragraph -->\n\n<!-- wp:paragraph -->\n<p>Je\u015bli odwiedzisz stron\u0119 logowania, utworzymy tymczasowe ciasteczko na potrzeby sprawdzenia czy twoja przegl\u0105darka akceptuje ciasteczka. To ciasteczko nie zawiera \u017cadnych danych osobistych i zostanie wyrzucone, kiedy zamkniesz przegl\u0105dark\u0119.<\/p>\n<!-- \/wp:paragraph -->\n\n<!-- wp:paragraph -->\n<p>Podczas logowania tworzymy dodatkowo kilka ciasteczek potrzebnych do zapisu twoich informacji logowania oraz wybranych opcji ekranu. Ciasteczka logowania wygasaj\u0105 po dw\u00f3ch dniach, a opcji ekranu po roku. Je\u015bli zaznaczysz opcj\u0119 \u201ePami\u0119taj mnie\u201d, logowanie wyga\u015bnie po dw\u00f3ch tygodniach. Je\u015bli wylogujesz si\u0119 ze swojego konta, ciasteczka logowania zostan\u0105 usuni\u0119te.<\/p>\n<!-- \/wp:paragraph -->\n\n<!-- wp:paragraph -->\n<p>Je\u015bli zmodyfikujesz albo opublikujesz artyku\u0142, w twojej przegl\u0105darce zostanie zapisane dodatkowe ciasteczko. To ciasteczko nie zawiera \u017cadnych danych osobistych, wskazuj\u0105c po prostu na identyfikator przed chwil\u0105 edytowanego artyku\u0142u. Wygasa ono po 1 dniu.<\/p>\n<!-- \/wp:paragraph -->\n\n<!-- wp:heading {\"level\":3} -->\n<h3>Osadzone tre\u015bci z innych witryn<\/h3>\n<!-- \/wp:heading -->\n\n<!-- wp:paragraph -->\n<p>Artyku\u0142y na tej witrynie mog\u0105 zawiera\u0107 osadzone tre\u015bci (np. filmy, obrazki, artyku\u0142y itp.). Osadzone tre\u015bci z innych witryn zachowuj\u0105 si\u0119 analogicznie do tego, jakby u\u017cytkownik odwiedzi\u0142 bezpo\u015brednio konkretn\u0105 witryn\u0119.<\/p>\n<!-- \/wp:paragraph -->\n\n<!-- wp:paragraph -->\n<p>Witryny mog\u0105 zbiera\u0107 informacje o tobie, u\u017cywa\u0107 ciasteczek, do\u0142\u0105cza\u0107 dodatkowe, zewn\u0119trzne systemy \u015bledzenia i monitorowa\u0107 twoje interakcje z osadzonym materia\u0142em, w\u0142\u0105czaj\u0105c w to \u015bledzenie twoich interakcji z osadzonym materia\u0142em je\u015bli posiadasz konto i jeste\u015b zalogowany w tamtej witrynie.<\/p>\n<!-- \/wp:paragraph -->\n\n<!-- wp:heading {\"level\":3} -->\n<h3>Analiza statystyk<\/h3>\n<!-- \/wp:heading -->\n\n<!-- wp:heading -->\n<h2>Z kim dzielimy si\u0119 danymi<\/h2>\n<!-- \/wp:heading -->\n\n<!-- wp:heading -->\n<h2>Jak d\u0142ugo przechowujemy twoje dane<\/h2>\n<!-- \/wp:heading -->\n\n<!-- wp:paragraph -->\n<p>Je\u015bli zostawisz komentarz, jego tre\u015b\u0107 i metadane b\u0119d\u0105 przechowywane przez czas nieokre\u015blony. Dzi\u0119ki temu jeste\u015bmy w stanie rozpoznawa\u0107 i zatwierdza\u0107 kolejne komentarze automatycznie, bez wysy\u0142ania ich do ka\u017cdorazowej moderacji.<\/p>\n<!-- \/wp:paragraph -->\n\n<!-- wp:paragraph -->\n<p>Dla u\u017cytkownik\u00f3w kt\u00f3rzy zarejestrowali si\u0119 na naszej stronie internetowej (je\u015bli tacy s\u0105), przechowujemy r\u00f3wnie\u017c informacje osobiste wprowadzone w profilu. Ka\u017cdy u\u017cytkownik mo\u017ce dokona\u0107 wgl\u0105du, korekty albo skasowa\u0107 swoje informacje osobiste w dowolnej chwili (nie licz\u0105c nazwy u\u017cytkownika, kt\u00f3rej nie mo\u017cna zmieni\u0107). Administratorzy strony r\u00f3wnie\u017c mog\u0105 przegl\u0105da\u0107 i modyfikowa\u0107 te informacje.<\/p>\n<!-- \/wp:paragraph -->\n\n<!-- wp:heading -->\n<h2>Jakie masz prawa do swoich danych<\/h2>\n<!-- \/wp:heading -->\n\n<!-- wp:paragraph -->\n<p>Je\u015bli masz konto u\u017cytkownika albo doda\u0142e\u015b komentarze w tej witrynie, mo\u017cesz za\u017c\u0105da\u0107 dostarczenia pliku z wyeksportowanym kompletem twoich danych osobistych b\u0119d\u0105cych w naszym posiadaniu, w tym ca\u0142o\u015b\u0107 tych dostarczonych przez ciebie. Mo\u017cesz r\u00f3wnie\u017c za\u017c\u0105da\u0107 usuni\u0119cia przez nas ca\u0142o\u015bci twoich danych osobistych w naszym posiadaniu. Nie dotyczy to \u017cadnych danych kt\u00f3re jeste\u015bmy zobligowani zachowa\u0107 ze wzgl\u0119d\u00f3w administracyjnych, prawnych albo bezpiecze\u0144stwa.<\/p>\n<!-- \/wp:paragraph -->\n\n<!-- wp:heading -->\n<h2>Gdzie przesy\u0142amy dane<\/h2>\n<!-- \/wp:heading -->\n\n<!-- wp:paragraph -->\n<p>Komentarze go\u015bci mog\u0105 by\u0107 sprawdzane za pomoc\u0105 automatycznej us\u0142ugi wykrywania spamu.<\/p>\n<!-- \/wp:paragraph -->\n\n<!-- wp:heading -->\n<h2>Twoje dane kontaktowe<\/h2>\n<!-- \/wp:heading -->\n\n<!-- wp:heading -->\n<h2>Informacje dodatkowe<\/h2>\n<!-- \/wp:heading -->\n\n<!-- wp:heading {\"level\":3} -->\n<h3>Jak chronimy twoje dane?<\/h3>\n<!-- \/wp:heading -->\n\n<!-- wp:heading {\"level\":3} -->\n<h3>Jakie mamy obowi\u0105zuj\u0105ce procedury w przypadku naruszenia prywatno\u015bci danych<\/h3>\n<!-- \/wp:heading -->\n\n<!-- wp:heading {\"level\":3} -->\n<h3>Od jakich stron trzecich otrzymujemy dane<\/h3>\n<!-- \/wp:heading -->\n\n<!-- wp:heading {\"level\":3} -->\n<h3>Jakie automatyczne podejmowanie decyzji i\/lub tworzenie profili przeprowadzamy z u\u017cyciem danych u\u017cytkownika<\/h3>\n<!-- \/wp:heading -->\n\n<!-- wp:heading {\"level\":3} -->\n<h3>Bran\u017cowe wymogi regulacyjne dotycz\u0105ce ujawniania informacji<\/h3>\n<!-- \/wp:heading -->","_et_gb_content_width":"","inline_featured_image":false,"footnotes":""},"class_list":["post-3","page","type-page","status-publish","hentry"],"acf":[],"_links":{"self":[{"href":"https:\/\/bsdistribution.pl\/sklep\/wp-json\/wp\/v2\/pages\/3","targetHints":{"allow":["GET"]}}],"collection":[{"href":"https:\/\/bsdistribution.pl\/sklep\/wp-json\/wp\/v2\/pages"}],"about":[{"href":"https:\/\/bsdistribution.pl\/sklep\/wp-json\/wp\/v2\/types\/page"}],"author":[{"embeddable":true,"href":"https:\/\/bsdistribution.pl\/sklep\/wp-json\/wp\/v2\/users\/1"}],"replies":[{"embeddable":true,"href":"https:\/\/bsdistribution.pl\/sklep\/wp-json\/wp\/v2\/comments?post=3"}],"version-history":[{"count":3,"href":"https:\/\/bsdistribution.pl\/sklep\/wp-json\/wp\/v2\/pages\/3\/revisions"}],"predecessor-version":[{"id":895,"href":"https:\/\/bsdistribution.pl\/sklep\/wp-json\/wp\/v2\/pages\/3\/revisions\/895"}],"wp:attachment":[{"href":"https:\/\/bsdistribution.pl\/sklep\/wp-json\/wp\/v2\/media?parent=3"}],"curies":[{"name":"wp","href":"https:\/\/api.w.org\/{rel}","templated":true}]}}